{"id":1189,"date":"2013-08-06T20:35:28","date_gmt":"2013-08-06T18:35:28","guid":{"rendered":"http:\/\/poundattack.de\/bikinifigurcoaching\/?page_id=1189"},"modified":"2021-09-11T14:48:05","modified_gmt":"2021-09-11T12:48:05","slug":"die-beste-ubung-fur-schultern-und-bauch","status":"publish","type":"page","link":"https:\/\/poundattack.de\/bikinifigurcoaching\/die-beste-ubung-fur-schultern-und-bauch\/","title":{"rendered":"Die beste \u00dcbung f\u00fcr Schultern und Bauch"},"content":{"rendered":"<h2>Die beste \u00dcbung f\u00fcr Schultern und Bauch<\/h2>\n<p>Diese \u00dcbung ist eine meiner Lieblings\u00fcbungen, da sie viele Muskeln<br \/>\nauf einmal kr\u00e4ftigt und sehr effektiv ist.<\/p>\n<p>Der Unterschied ist schon nach wenigen Wochen sp\u00fcrbar und sichtbar!<br \/>\nVersuche 3 Runden zu machen \u00e0 10-20 Wiederholungen (je nach Fitnesslevel).<\/p>\n<p><iframe src=\"https:\/\/player.vimeo.com\/video\/66066955\" width=\"500\" height=\"281\" frameborder=\"0\" webkitallowfullscreen=\"\" mozallowfullscreen=\"\" allowfullscreen=\"\"><\/iframe><\/p>\n<p><strong>&nbsp;&nbsp;&nbsp;&nbsp;&nbsp;&nbsp;&nbsp;&nbsp;&nbsp;&nbsp;&nbsp;&nbsp;\u00dcbrigens: Kennst du schon meinen neuen kostenlosen Vortrag?<\/strong><br \/>\n<a target=\"_blank\" href=\"http:\/\/www.poundattack.de\/diestoffwechselformel\" rel=\"noopener\"><img decoding=\"async\" src=\"http:\/\/www.poundattack.de\/gratisabnehmplan\/wp-content\/uploads\/2014\/08\/addtocart-style5.jpg\" alt=\"\"><\/a><br \/>\n&nbsp;<br \/>\n&nbsp;<\/p>\n<script type=\"text\/javascript\">digistore_wpPromoPixel( 'aff', 'cam', \"http:\/\/www.digistore24.com\/track\/DIGISTORE24ID\/11923\/CAMPAIGNKEY\" )<\/script>","protected":false},"excerpt":{"rendered":"<p>Die beste \u00dcbung f\u00fcr Schultern und Bauch Diese \u00dcbung ist eine meiner Lieblings\u00fcbungen, da sie viele Muskeln auf einmal kr\u00e4ftigt und sehr effektiv ist. Der Unterschied ist schon nach wenigen Wochen sp\u00fcrbar und sichtbar! Versuche 3 Runden zu machen \u00e0 10-20 Wiederholungen (je nach Fitnesslevel). &nbsp;&nbsp;&nbsp;&nbsp;&nbsp;&nbsp;&nbsp;&nbsp;&nbsp;&nbsp;&nbsp;&nbsp;\u00dcbrigens: Kennst du schon meinen neuen kostenlosen Vortrag? &nbsp; &nbsp;<\/p>\n","protected":false},"author":1,"featured_media":0,"parent":0,"menu_order":0,"comment_status":"open","ping_status":"open","template":"members-style1US.php","meta":{"_links_to":"","_links_to_target":""},"acf":[],"_links":{"self":[{"href":"https:\/\/poundattack.de\/bikinifigurcoaching\/wp-json\/wp\/v2\/pages\/1189"}],"collection":[{"href":"https:\/\/poundattack.de\/bikinifigurcoaching\/wp-json\/wp\/v2\/pages"}],"about":[{"href":"https:\/\/poundattack.de\/bikinifigurcoaching\/wp-json\/wp\/v2\/types\/page"}],"author":[{"embeddable":true,"href":"https:\/\/poundattack.de\/bikinifigurcoaching\/wp-json\/wp\/v2\/users\/1"}],"replies":[{"embeddable":true,"href":"https:\/\/poundattack.de\/bikinifigurcoaching\/wp-json\/wp\/v2\/comments?post=1189"}],"version-history":[{"count":0,"href":"https:\/\/poundattack.de\/bikinifigurcoaching\/wp-json\/wp\/v2\/pages\/1189\/revisions"}],"wp:attachment":[{"href":"https:\/\/poundattack.de\/bikinifigurcoaching\/wp-json\/wp\/v2\/media?parent=1189"}],"curies":[{"name":"wp","href":"https:\/\/api.w.org\/{rel}","templated":true}]}}