{"id":1489,"date":"2013-09-11T18:00:41","date_gmt":"2013-09-11T16:00:41","guid":{"rendered":"http:\/\/poundattack.de\/bikinifigurcoaching\/?page_id=1489"},"modified":"2023-04-13T20:31:01","modified_gmt":"2023-04-13T18:31:01","slug":"agb","status":"publish","type":"page","link":"https:\/\/poundattack.de\/bikinifigurcoaching\/agb\/","title":{"rendered":"AGB"},"content":{"rendered":"<p><strong><span style=\"font-size: large;\">Allgemeine Gesch\u00e4ftsbedingungen (AGBs) f\u00fcr die Nutzung des Bikinifigur Coachings<\/span><\/strong><\/p>\n<p>&nbsp;<\/p>\n<p><span style=\"text-decoration: underline;\"><strong>Vorbemerkung<\/strong><\/span><\/p>\n<p>Frau Karla Gehrlach, handelnd in \u201epoundattack.de\u201c betreibt ein Online-Bikinifigur-Coaching, das \u00fcber <a href=\"http:\/\/www.poundattack.de\/\">www.poundattack.de<\/a> (einschlie\u00dflich aller Subdomains) als Mitgliederbereich im Internet abrufbar ist. Es handelt sich um ein Angebot an Videofitnessprogrammen, Ern\u00e4hrungstipps, Rezepten und Motivationsvideos in Form eines Abonnements.<\/p>\n<p>F\u00fcr alle Vertr\u00e4ge mit poundattack.de gelten die nachfolgenden Allgemeinen Gesch\u00e4ftsbedingungen (nachfolgend AGBs genannt). Anderweitige Regelungen, besonders dem Inhalt der folgenden AGBs widersprechende Bedingungen, werden nur mit unserem ausdr\u00fccklichen, schriftlichen Einverst\u00e4ndnis wirksam.<\/p>\n<p>&nbsp;<\/p>\n<p><span style=\"text-decoration: underline;\"><strong>1. Vertragspartner<\/strong><\/span><\/p>\n<p>1.1&nbsp;&nbsp;&nbsp; Ihr Vertragspartner ist Frau Karla Gehrlach, handelnd in Firma \u201epoundattack.de\u201c, Theodor-Heuss-Str. 17, 53562 St. Katharinen.<\/p>\n<p>1.2&nbsp;&nbsp;&nbsp; Das Angebot von poundattack.de richtet sich ausschlie\u00dflich an Verbraucher. Als Verbraucher wird eine nat\u00fcrliche Person betrachtet, welche ein Rechtsgesch\u00e4ft zu einem Zweck abschlie\u00dft, welcher ihrer selbstst\u00e4ndigen beruflichen T\u00e4tigkeit noch ihrer gewerblichen T\u00e4tigkeit dient.<\/p>\n<p>&nbsp;<\/p>\n<p><span style=\"text-decoration: underline;\"><strong>2.&nbsp;Registrierung<\/strong><\/span><\/p>\n<p>2.1&nbsp;&nbsp;&nbsp; poundattack.de bietet ein begrenztes kostenfreies Angebot an Videos und Artikeln aus den Bereichen Fitness, Ern\u00e4hrung und Motivation, welche der Besucher ohne Registrierung nutzen kann.<\/p>\n<p>2.2&nbsp;&nbsp;&nbsp; Um die kostenpflichtigen Leistungen von poundattack.de nutzen zu k\u00f6nnen, ist eine Registrierung erforderlich.<\/p>\n<p>2.3&nbsp; Der Zugang zum Bikinifigur-Coaching wird gegen eine monatliche Geb\u00fchr von 37 \u20ac freigeschaltet. Als Neukunde hat man die M\u00f6glichkeit, das Coaching 30 Tage lang f\u00fcr 1\u20ac zu testen. Nach Ablauf der Testphase wird ein monatlicher Betrag von 37 \u20ac berechnet, ohne feste Laufzeit und ohne jegliche K\u00fcndigungsfrist. Das bedeutet, man kann jederzeit &#8211; ohne Risiko &#8211; aus dem Vertrag aussteigen. <strong>Der Vertrag ist jederzeit k\u00fcndbar. Wird der Vertrag nicht gek\u00fcndigt, so verl\u00e4ngert er sich jeweils um einen weiteren Monat.<\/strong><\/p>\n<p>2.4&nbsp;&nbsp;&nbsp; Nach Zahlungsabschluss erh\u00e4lt der Kunde einen Account, mit welchem er Zugriff auf den Bikinifigur Coaching Mitgliederbereich und dessen Inhalte hat. Der Kunde erh\u00e4lt nach Registrierung seine Zugangsdaten automatisch per eMail.<\/p>\n<p>2.5&nbsp;&nbsp;&nbsp; Dem Kunden wird sofort nach Zahlung und Registrierung die erste Lektion freigeschaltet. Alle drei Tage erh\u00e4lt der Kunde Zugang zu einer weiteren Lektion. \u00dcber die Freischaltung wird der Kunde per eMail informiert.<\/p>\n<p>2.6&nbsp;&nbsp;&nbsp; Die \u00dcbertragung des Accounts bei poundattack.de ist unzul\u00e4ssig.<\/p>\n<p>2.7&nbsp;&nbsp;&nbsp; poundattack.de kann den Account aus wichtigem Grund mit einer Frist von zwei Wochen schriftlich oder per E Mail k\u00fcndigen.<\/p>\n<p>&nbsp;<\/p>\n<p><span style=\"text-decoration: underline;\"><strong>3.&nbsp;Leistungen von poundattack.de<\/strong><\/span><\/p>\n<p>3.1&nbsp;&nbsp;&nbsp; poundattack.de bietet \u00fcber seine Website den Nutzern die M\u00f6glichkeit, ein Bikinifigur Coaching zu erwerben. Die Inhalte werden in einem kostenpflichtigen Mitgliederbereich zur Verf\u00fcgung gestellt. Nach Zahlungsabschluss werden dem Kunden per eMail seine Zugangsdaten mitgeteilt, mit welchen er Zugang zum Mitgliederbereich erh\u00e4lt und die dortigen Inhalte f\u00fcr sich nutzen kann. Der jeweilige Account endet bei K\u00fcndigung nach Ende der Vertragsdauer.<\/p>\n<p>3.2&nbsp;&nbsp;&nbsp; Im Mitgliederbereich befinden sich Lektionen zu Fitness, Ern\u00e4hrung und Motivation, welche der Kunde nutzen kann. Alle drei Tage wird eine neue Lektion freigeschaltet. Alle vergangenen Lektionen bleiben dem Kunden bis zur K\u00fcndigung zug\u00e4nglich. Nach K\u00fcndigung des Vertrags hat der Kunde nach Ablauf des bezahlten Monats keine Zugriffsrechte auf den Mitgliederbereich mehr.<\/p>\n<p>3.3&nbsp;&nbsp;&nbsp; Eine 100-prozentige Verf\u00fcgbarkeit der Website <a href=\"http:\/\/www.poundattack.de\/\">www.poundattack.de<\/a> ist technisch nicht realisierbar. Der Nutzer erkennt dies an.<\/p>\n<p>&nbsp;<\/p>\n<p><span style=\"text-decoration: underline;\"><strong>4. Widerrufsrecht<\/strong><\/span><\/p>\n<p>Die Vertragserkl\u00e4rung kann innerhalb von vierzehn Tagen ohne Angabe von Gr\u00fcnden schriftlich per E Mail oder Brief widerrufen werden. Die Frist beginnt mit Vertragsabschluss. Zur Wahrung der Widerrufspflicht gen\u00fcgt die rechtzeitige Absendung des Widerrufs. Der Widerruf ist zu richten an:<\/p>\n<p>Karla Gehrlach<br \/>\nTheodor-Heuss-Str. 17<br \/>\n53562 St. Katharinen<\/p>\n<p>oder<\/p>\n<p><a href=\"mailto:support@poundattack.de\">support@poundattack.de<\/a><\/p>\n<p>&nbsp;<\/p>\n<p><span style=\"text-decoration: underline;\"><strong>5.&nbsp;Preis und Bezahlung<\/strong><\/span><\/p>\n<p>5.1&nbsp;&nbsp;&nbsp; Der Kunde kann folgendes Coaching-Paket w\u00e4hlen:<\/p>\n<p>a)&nbsp;&nbsp;&nbsp;&nbsp; 30 Tage Test-Phase f\u00fcr 1\u20ac, anschlie\u00dfend kostet das Coaching 37\u20ac im Monat.<\/p>\n<p>5.2&nbsp;&nbsp;&nbsp; &nbsp;Die Bezahlung erfolgt \u00fcber den Anbieter digistore24. Bei Bezahlung per Vorkasse erh\u00e4lt der Kunde Zugang zum Mitgliederbereich sobald die Zahlung auf dem Konto eingegangen ist.<\/p>\n<p>&nbsp;<\/p>\n<p><span style=\"text-decoration: underline;\"><strong>6. K\u00fcndigung und Garantie<\/strong><\/span><\/p>\n<p>6.1. Der Kunde kann das Bikinifigur Coaching jederzeit k\u00fcndigen. Nach K\u00fcndigung fallen keine weiteren Kosten an. Der Kunde richtet seine K\u00fcndigung an: <a href=\"mailto:support@poundattack.de\">support@poundattack.de<\/a><\/p>\n<p>6.2. <b>Nach K\u00fcndigung wird der Account des Kunden gesperrt und der Kunde hat nach Ablauf des bezahlten Zeitraumes keinen weiteren Zugang zum Mitgliederbereich. <\/b>Dies gilt auch f\u00fcr die vergangenen Lektionen. Der Kunde ist nur berechtigt die Inhalte des Bikinifigur Coachings zu nutzen, solange er als aktives Mitglied registriert ist. Der Kunde zahlt f\u00fcr die Mitgliedschaft, nicht f\u00fcr die einzelnen Lektionen. Nach K\u00fcndigung und Ablauf des bezahlten Zeitraumes hat der Kunde kein Anrecht auf&nbsp; Zugriff der Inhalte.<\/p>\n<p>6.3. poundattack r\u00e4umt dem Kunden nach dem ersten Zahlungseingang eine 30-Tage-Geld-Zur\u00fcck-Garantie ein. Innerhalb dieser Zeitspanne kann der Kunde ohne Angabe von Gr\u00fcnden den bezahlten Betrag zur\u00fcck verlangen.<\/p>\n<p>&nbsp;<\/p>\n<p><span style=\"text-decoration: underline;\"><strong>7. Wiedereinstieg und Pausieren<\/strong><\/span><\/p>\n<p>7.1. Sollte der Kunde sich nach K\u00fcndigung des Vertrags dazu entschlie\u00dfen, wieder einsteigen zu wollen, so ist dies m\u00f6glich. In diesem Falle entf\u00e4llt die Testphase und der Kunde bezahlt den, entsprechend des gew\u00e4hlten Pakets, f\u00e4lligen Beitrag Er steigt mit derjenigen Lektion wieder in das Coaching ein, die er bei Nichtk\u00fcndigung als n\u00e4chstes erhalten h\u00e4tte. Au\u00dferdem erh\u00e4lt er Zugang zu allen vorherigen Lektionen, die f\u00fcr ihn w\u00e4hrend seiner vorherigen Mitgliedschaft freigeschaltet wurden. In einem solchen Falle richtet der Kunde sein Anliegen an <a href=\"mailto:support@poundattack.de\">support@poundattack.de<\/a>.<\/p>\n<p>7.2. <b>Ein Pausieren des Bikinifigur Coachings ohne Bezahlung ist nicht umsetzbar. Ein Zur\u00fccksetzen der Lektionen oder Pausieren ist f\u00fcr aktive Mitglieder nach Absprache m\u00f6glich. Hierbei l\u00e4uft die Mitgliedschaft regul\u00e4r weiter.<\/b><\/p>\n<p>&nbsp;<\/p>\n<p><span style=\"text-decoration: underline;\"><strong>8. Nutzungsrechte<\/strong><\/span><\/p>\n<p>8.1 poundattack.de r\u00e4umt dem Kunden nicht ausschlie\u00dfliche, nicht unterlizensierbare, zeitlich und r\u00e4umlich uneingeschr\u00e4nkte Nutzungsrechte an den im Mitgliederbereich befindlichen Inhalten ein. Das Brennen, Kopieren und Verbreiten sowie jegliche kommerzielle Nutzung der Videos und aller weiteren Inhalte ist nicht gestattet.<\/p>\n<p>8.2 Unrechtm\u00e4\u00dfige Kopien oder der Verkauf der poundattack Inhalte werden juristisch verfolgt und geahndet.<\/p>\n<p>&nbsp;<\/p>\n<p><span style=\"text-decoration: underline;\"><strong>9. Pflichten des Kunden<\/strong><\/span><\/p>\n<p>9.1&nbsp; Der Kunde darf das Passwort f\u00fcr die Nutzung des Bikinifigur Coaching Accounts nicht an Dritte weitergeben.<\/p>\n<p>9.2 &nbsp;In digitalen Medien darf das Passwort nur verschl\u00fcsselt gespeichert werden.<\/p>\n<p>&nbsp;<\/p>\n<p><span style=\"text-decoration: underline;\"><strong>10. Haftung von poundattack.de<\/strong><\/span><\/p>\n<p>10.1 &nbsp;Die auf poundttack.de vorgef\u00fchrten Fitness\u00fcbungen d\u00fcrfen ausdr\u00fccklich nur von gesunden Personen ausgef\u00fchrt werden. Bei Zweifeln hinsichtlich des Gesundheitszustandes und hinsichtlich der F\u00e4higkeit, Sport zu treiben empfehlen wir, vor der Ausf\u00fchrung der \u00dcbungen einen Arzt zu konsultieren, um den Gesundheitszustand und damit einhergehend Ihre F\u00e4higkeit zu sportlicher Bet\u00e4tigung pr\u00fcfen zu lassen.<\/p>\n<p>10.2 &nbsp;Versp\u00fcrt der Nutzer gesundheitliche, geringf\u00fcgige Beeintr\u00e4chtigungen, sollte das Fitnesstraining sofort abgebrochen werden. Wir empfehlen sofort einen Arzt aufzusuchen und die \u00dcbungen erst fortzusetzen, nachdem ein Arzt Unbedenklichkeit bezogen auf sportliche Bet\u00e4tigung attestiert hat.<\/p>\n<p>10.3 &nbsp;Das Training sollte niemals ohne vorheriges Aufw\u00e4rmen durchgef\u00fchrt und der eigenen Kondition angepasst werden.<\/p>\n<p>10.4 &nbsp;F\u00fcr etwaige Verletzungen \u00fcbernimmt die Firma <a href=\"http:\/\/www.poundattack.de\/\">www.poundattack.de<\/a> keine Haftung.<\/p>\n<p>10.5 Wenn Unklarheiten bezogen auf das Training, die Ausf\u00fchrung der \u00dcbungen, die Trainingsintensit\u00e4t oder die Eignung einzelner \u00dcbungen f\u00fcr die Belange des Nutzer bestehen, k\u00f6nnen Fragen schriftlich an <a href=\"mailto:support@poundattack.de\">support@poundattack.de<\/a> gerichtet werden. Dasselbe gilt f\u00fcr alle weiteren Inhalte, welche der Kunde durch das Bikinifigur Coaching erh\u00e4lt.<\/p>\n<p>&nbsp;<\/p>\n<p><span style=\"text-decoration: underline;\"><strong>11. &nbsp; Datenschutz<\/strong><\/span><\/p>\n<p>Alle von poundattack.de erhobenen Daten werden streng vertraulich behandelt. Alle pers\u00f6nlichen Daten des Kunden werden nur zu Vertragszwecken erhoben und gespeichert.<\/p>\n<p>&nbsp;<\/p>\n<p><span style=\"text-decoration: underline;\"><strong>12. &nbsp; \u00c4nderungen der ABGs<\/strong><\/span><\/p>\n<p>poundattack.de beh\u00e4lt sich vor, die AGBs zu \u00e4ndern. In diesem Fall wird der Kunde schriftlich oder per E Mail davon in Kenntnis gesetzt. Widerspricht der Kunde diesen \u00c4nderungen nicht schriftlich innerhalb von sechs Wochen, so gelten die \u00c4nderungen als genehmigt. Macht der Kunde von seinem Widerspruchsrecht Gebrauch, so wird der bestehende Vertrag ohne die vorgeschlagenen \u00c4nderungen fortgesetzt.<\/p>\n<script type=\"text\/javascript\">digistore_wpPromoPixel( 'aff', 'cam', \"http:\/\/www.digistore24.com\/track\/DIGISTORE24ID\/11923\/CAMPAIGNKEY\" )<\/script>","protected":false},"excerpt":{"rendered":"<p>Allgemeine Gesch\u00e4ftsbedingungen (AGBs) f\u00fcr die Nutzung des Bikinifigur Coachings &nbsp; Vorbemerkung Frau Karla Gehrlach, handelnd in \u201epoundattack.de\u201c betreibt ein Online-Bikinifigur-Coaching, das \u00fcber www.poundattack.de (einschlie\u00dflich aller Subdomains) als Mitgliederbereich im Internet abrufbar ist. Es handelt sich um ein Angebot an Videofitnessprogrammen, Ern\u00e4hrungstipps, Rezepten und Motivationsvideos in Form eines Abonnements. F\u00fcr alle Vertr\u00e4ge mit poundattack.de gelten die [&hellip;]<\/p>\n","protected":false},"author":1,"featured_media":0,"parent":0,"menu_order":0,"comment_status":"open","ping_status":"open","template":"","meta":{"_links_to":"","_links_to_target":""},"acf":[],"_links":{"self":[{"href":"https:\/\/poundattack.de\/bikinifigurcoaching\/wp-json\/wp\/v2\/pages\/1489"}],"collection":[{"href":"https:\/\/poundattack.de\/bikinifigurcoaching\/wp-json\/wp\/v2\/pages"}],"about":[{"href":"https:\/\/poundattack.de\/bikinifigurcoaching\/wp-json\/wp\/v2\/types\/page"}],"author":[{"embeddable":true,"href":"https:\/\/poundattack.de\/bikinifigurcoaching\/wp-json\/wp\/v2\/users\/1"}],"replies":[{"embeddable":true,"href":"https:\/\/poundattack.de\/bikinifigurcoaching\/wp-json\/wp\/v2\/comments?post=1489"}],"version-history":[{"count":0,"href":"https:\/\/poundattack.de\/bikinifigurcoaching\/wp-json\/wp\/v2\/pages\/1489\/revisions"}],"wp:attachment":[{"href":"https:\/\/poundattack.de\/bikinifigurcoaching\/wp-json\/wp\/v2\/media?parent=1489"}],"curies":[{"name":"wp","href":"https:\/\/api.w.org\/{rel}","templated":true}]}}