{"id":3057,"date":"2014-02-26T15:16:10","date_gmt":"2014-02-26T13:16:10","guid":{"rendered":"http:\/\/poundattack.de\/bikinifigurcoaching\/?page_id=3057"},"modified":"2014-09-30T00:34:23","modified_gmt":"2014-09-29T22:34:23","slug":"testimonials","status":"publish","type":"page","link":"https:\/\/poundattack.de\/bikinifigurcoaching\/testimonials\/","title":{"rendered":"Testimonials"},"content":{"rendered":"<p><img decoding=\"async\" alt=\"\" src=\"http:\/\/www.poundattack.de\/wp-content\/uploads\/PoundAttack3.png\" width=\"130\" height=\"45\" \/><\/p>\n<p>&nbsp;<\/p>\n<h1 style=\"text-align: center;\">Hier findest Du Meinungen anderer Bikinifigur Teilnehmerinnen:<\/h1>\n<p>&nbsp;<br \/>\n<strong><u>Julia Remigus sagt:<\/u><\/strong><\/p>\n<p><img decoding=\"async\" src=\"http:\/\/poundattack.de\/bikinifigurcoaching\/wp-content\/uploads\/2014\/08\/Remigus_Julia_Foto-small.jpg\" alt=\"\" \/><\/p>\n<p><em><span style=\"line-height: 1.5em;\">&#8222;Hallo Karla,<\/p>\n<p>zun\u00e4chst m\u00f6chte ich mich wirklich bei dir bedanken!<br \/>\nIch bin nun seit 2 Wochen dabei und habe gerade zum 2. Mal gemessen. Wow! Ich habe insg. fast 19 cm verloren, davon mit 6 cm das meiste am Bauch. Ich bin echt gl\u00fccklich, dass ich so tolle Erfolge sehe und das noch so kurzer Zeit!<\/p>\n<p>Ich versuche schon sehr lange abzunehmen, habe eigentlich alles versucht, war eine Zeit lang jeden Tag 2 Stunden im Fitnessstudio (da hab ich noch studiert) und habe dabei h\u00f6chsten 1000 kcal gegessen, nichts hat etwas gebracht, ich hatte immer das gleiche auf der Waage stehen, hatte st\u00e4ndig Hunger und hatte aufgrund meines schlechtes Kreislaufs und zu niedrigem Blutdruck st\u00e4ndig Probleme. Sobald ich etwas S\u00fc\u00dfes angeschaut habe, wurde ich direkt 2 kg schwerer.<\/p>\n<p>Nun kann ich auch mal Naschen und nehme trotzdem ab, verliere cm und sehe, dass sich mein K\u00f6rper formt, das ist einfach super toll.<\/p>\n<p>Dabei finde ich deine Workouts klasse! Sie sind nicht zu schwer, eigentlich im perfekten Rahmen, sodass ich noch gut mitkomme und trotzdem nach dem Workout erst mal 2 Minuten tot auf der Matte liege. Dieses Auspowern macht mich dann irgendwie gl\u00fccklich,weil ich wei\u00df, dass ich wirklich etwas (sinnvolles) getan habe.<\/p>\n<p>Auch die Ern\u00e4hrungsaufgaben sind f\u00fcr mich nicht schwer. Da ich Vegetarier bin, esse ich schon viel Gem\u00fcse und nur Wasser zu trinken hat mich endlich mal von der Cola weggebracht, die ich mittlerweile ekelig s\u00fc\u00df finde.<\/p>\n<p>Viel Gerede von mir, dabei l\u00e4sst es sich gut zusammen fassen, ich f\u00fchl mich mit deinem Programm super gl\u00fccklich und es l\u00e4sst sich toll in den Alltag integrieren.&#8220;<\/span><\/em><\/p>\n<p><u>Update nach 8 Wochen:<\/u><\/p>\n<p><em><span style=\"line-height: 1.5em;\">&#8222;Ich mache nun seit 2 Monaten das Bikinifigur-Coaching und habe insgesamt gute 45 cm Umfang verloren, davon das meiste immer noch am Bauch mit fast 15 cm, fast 10 Kilo abgenommen. <\/p>\n<p>Ich f\u00fchle mich total wohl und alle m\u00f6glichen Leute, ob auf der Arbeit oder privat sprechen mich darauf an, dass ich abgenommen hab und man das richtig sieht. Eine bessere Best\u00e4tigung gibt es ja eigentlich nicht. So ein deutlicher Erfolg in so kurzer Zeit mit so wenig Aufwand! <\/p>\n<p>Ich mach immer noch jeden Tag motiviert und mit viel Freude die Workouts, halt mich zum gr\u00f6\u00dften Teil an die Ern\u00e4hrung und auch wenn ich mal nasche, hab ich nicht das Gef\u00fchl, nun ist alles f\u00fcr die Katz. <\/p>\n<p>Das einzige was ich mich frage ist, warum ich nicht schon viel fr\u00fcher auf dich und dein Programm gesto\u00dfen bin, h\u00e4tte mir jedenfalls einige hungrige N\u00e4chte und frustierte Wiegetage erspart.<br \/>\nIch m\u00f6chte mich wirklich bei dir herzlich bedanken!&#8220;<\/span><\/em><br \/>\n&nbsp;<br \/>\n&#8212;&#8212;&#8212;&#8212;&#8212;&#8212;&#8212;&#8212;&#8212;&#8212;&#8212;&#8212;&#8212;&#8212;&#8212;&#8212;&#8212;&#8212;&#8212;&#8212;&#8212;&#8212;&#8212;&#8212;&#8212;&#8212;&#8212;&#8212;&#8212;&#8212;&#8212;&#8212;&#8212;&#8212;&#8212;&#8212;&#8212;&#8212;&#8212;&#8212;&#8212;&#8212;&#8212;&#8212;&#8212;&#8212;&#8212;&#8212;&#8212;&#8212;&#8212;&#8212;&#8212;&#8212;<br \/>\n&nbsp;<br \/>\n<strong><u>Nathie Halt sagt:<\/u><\/strong><\/p>\n<div style=\"text-align: left;\"><em><span style=\"line-height: 1.5em;\">&#8222;Ich habe in der Zeit von 6 Wochen 5 Kilo abgenommen,weitere 2 Kilo \u201cdanach\u201d verloren ( insgesamt nun 7 Kilo )und f\u00fchle mich aber mindestens 10 Kilo leichter,\u00a0 bin fitter im Alltag und nicht mehr so m\u00fcde. Habe das Gef\u00fchl als sei ich voller Energie.<\/span><\/em><\/p>\n<div><\/div>\n<div><em>Auf den Vorher Nachher Bildern sieht man es leider nicht so gut da ich ein wirklich doofes Oberteil anhabe. Aber mein Umfeld spricht Lob aus und sehr viele die mich l\u00e4nger nicht gesehen haben sagen auch dass ich einfach nur toll aussehe. Schmaler im Allgemeinen und auch viel frischer. Ich w\u00fcrde eine ganz tolle Ausstrahlung haben :-)!&#8220;<\/em><span style=\"line-height: 1.5em;\"><br \/>\n<\/span><\/div>\n<\/div>\n<p>&nbsp;<br \/>\n<img decoding=\"async\" alt=\"\" src=\"http:\/\/poundattack.de\/bikinifigurcoaching\/wp-content\/uploads\/2014\/03\/nathie-halt.png\" \/><br \/>\n&nbsp;<\/p>\n<p style=\"text-align: left;\">&#8212;&#8212;&#8212;&#8212;&#8212;&#8212;&#8212;&#8212;&#8212;&#8212;&#8212;&#8212;&#8212;&#8212;&#8212;&#8212;&#8212;&#8212;&#8212;&#8212;&#8212;&#8212;&#8212;&#8212;&#8212;&#8212;&#8212;&#8212;&#8212;&#8212;&#8212;&#8212;&#8212;&#8211;<\/p>\n<p style=\"text-align: left;\"><strong><u>Julia Sommer sagt:<\/u><\/strong><\/p>\n<p style=\"text-align: left;\"><iframe src=\"\/\/player.vimeo.com\/video\/107528020\" width=\"500\" height=\"281\" frameborder=\"0\" webkitallowfullscreen mozallowfullscreen allowfullscreen><\/iframe><\/p>\n<p style=\"text-align: left;\">&#8212;&#8212;&#8212;&#8212;&#8212;&#8212;&#8212;&#8212;&#8212;&#8212;&#8212;&#8212;&#8212;&#8212;&#8212;&#8212;&#8212;&#8212;&#8212;&#8212;&#8212;&#8212;&#8212;&#8212;&#8212;&#8212;&#8212;&#8212;&#8212;&#8212;&#8212;&#8212;&#8212;&#8211;<\/p>\n<p style=\"text-align: left;\"><strong><u>Ilona sagt:<\/u><\/strong><\/p>\n<p style=\"text-align: left;\"><iframe src=\"\/\/player.vimeo.com\/video\/88473438\" height=\"250\" width=\"500\" allowfullscreen=\"\" frameborder=\"0\"><\/iframe><\/p>\n<p style=\"text-align: left;\">&#8212;&#8212;&#8212;&#8212;&#8212;&#8212;&#8212;&#8212;&#8212;&#8212;&#8212;&#8212;&#8212;&#8212;&#8212;&#8212;&#8212;&#8212;&#8212;&#8212;&#8212;&#8212;&#8212;&#8212;&#8212;&#8212;&#8212;&#8212;&#8212;&#8212;&#8212;&#8212;&#8212;&#8211;<\/p>\n<p style=\"text-align: left;\"><strong><u>Doreen sagt:<\/u><\/strong><\/p>\n<p style=\"text-align: left;\"><iframe src=\"\/\/player.vimeo.com\/video\/99238846\" width=\"500\" height=\"667\" frameborder=\"0\" webkitallowfullscreen mozallowfullscreen allowfullscreen><\/iframe><\/p>\n<p style=\"text-align: left;\">&#8212;&#8212;&#8212;&#8212;&#8212;&#8212;&#8212;&#8212;&#8212;&#8212;&#8212;&#8212;&#8212;&#8212;&#8212;&#8212;&#8212;&#8212;&#8212;&#8212;&#8212;&#8212;&#8212;&#8212;&#8212;&#8212;&#8212;&#8212;&#8212;&#8212;&#8212;&#8212;&#8212;&#8211;<\/p>\n<p style=\"text-align: left;\"><strong><u>Victoria sagt:<\/u><\/strong><\/p>\n<p style=\"text-align: left;\"><iframe src=\"\/\/player.vimeo.com\/video\/87666407\" height=\"250\" width=\"500\" allowfullscreen=\"\" frameborder=\"0\"><\/iframe><\/p>\n<p style=\"text-align: left;\">&#8212;&#8212;&#8212;&#8212;&#8212;&#8212;&#8212;&#8212;&#8212;&#8212;&#8212;&#8212;&#8212;&#8212;&#8212;&#8212;&#8212;&#8212;&#8212;&#8212;&#8212;&#8212;&#8212;&#8212;&#8212;&#8212;&#8212;&#8212;&#8212;&#8212;&#8212;&#8212;&#8212;&#8211;<\/p>\n<p style=\"text-align: left;\"><span style=\"line-height: 1.5em;\"><strong><u>Nuray sagt:<\/u><\/strong><\/span><\/p>\n<p><iframe src=\"\/\/player.vimeo.com\/video\/88285621\" height=\"375\" width=\"500\" allowfullscreen=\"\" frameborder=\"0\"><\/iframe><\/p>\n<p style=\"text-align: left;\">&#8212;&#8212;&#8212;&#8212;&#8212;&#8212;&#8212;&#8212;&#8212;&#8212;&#8212;&#8212;&#8212;&#8212;&#8212;&#8212;&#8212;&#8212;&#8212;&#8212;&#8212;&#8212;&#8212;&#8212;&#8212;&#8212;&#8212;&#8212;&#8212;&#8212;&#8212;&#8212;&#8212;&#8211;<\/p>\n<p style=\"text-align: left;\"><strong><u>Renate sagt:<\/u><\/strong><\/p>\n<p style=\"text-align: left;\"><iframe src=\"\/\/player.vimeo.com\/video\/88992512\" height=\"282\" width=\"500\" allowfullscreen=\"\" frameborder=\"0\"><\/iframe><\/p>\n<p style=\"text-align: left;\">&#8212;&#8212;&#8212;&#8212;&#8212;&#8212;&#8212;&#8212;&#8212;&#8212;&#8212;&#8212;&#8212;&#8212;&#8212;&#8212;&#8212;&#8212;&#8212;&#8212;&#8212;&#8212;&#8212;&#8212;&#8212;&#8212;&#8212;&#8212;&#8212;&#8212;&#8212;&#8212;&#8212;&#8211;<\/p>\n<p style=\"text-align: left;\"><strong><u>Michaela sagt:<\/u><\/strong><\/p>\n<p style=\"text-align: left;\"><iframe src=\"\/\/player.vimeo.com\/video\/100638422\" width=\"500\" height=\"281\" frameborder=\"0\" webkitallowfullscreen mozallowfullscreen allowfullscreen><\/iframe><\/p>\n<p style=\"text-align: left;\">&#8212;&#8212;&#8212;&#8212;&#8212;&#8212;&#8212;&#8212;&#8212;&#8212;&#8212;&#8212;&#8212;&#8212;&#8212;&#8212;&#8212;&#8212;&#8212;&#8212;&#8212;&#8212;&#8212;&#8212;&#8212;&#8212;&#8212;&#8212;&#8212;&#8212;&#8212;&#8212;&#8212;&#8211;<\/p>\n<div id=\"testimonialbox3\"><img src=\"http:\/\/poundattack.de\/bikinifigurcoaching\/wp-content\/uploads\/2013\/05\/renate.jpg\" width:88px; height:101px; style=\"border:1px solid #666666;width:88px;height:101px;\" \/><div id=\"testimonialbox3side\"><div id=\"testimonialbox3text\">\u201cSchon immer habe ich versucht mein Gewicht von 65 Kilo unter die magische Grenze von 60 Kilo zu dr\u00fccken. Verschiedenste Di\u00e4ten habe ich dabei mehr oder weniger erfolgreich ausprobiert. Bei allen hat mich aber irgendwann der Jo-Jo-Effekt eingeholt. Frustriert hatte ich eigentlich schon aufgegeben, bis ich auf Karlas poundattack und die Low-Carb Ern\u00e4hrung stie\u00df. Karlas workouts sind effektiv und durch den geringen Zeitaufwand auch f\u00fcr Berufst\u00e4tige prima durchzuf\u00fchren. In Kombination mit den Low-Carb Rezepten habe ich nun endlich mein fr\u00fcher unvorstellbares Wunschgewicht von 53 kg erreicht &#8211; und das in nur sechs Monaten! Und das Beste daran: Die Waage zeigt seit einem Jahr immer das Gleiche an und ich kann mittlerweile Kleidergr\u00f6\u00dfe 34-36 bestellen. Fazit: poundattack mit entsprechender Low Carb Ern\u00e4hrung ist das Beste was mir figurm\u00e4\u00dfig passieren konnte. Absolut empfehlenswert!\u201d<\/div><div id=\"testimonialbox3name\">Renate B. (56) aus Kaiserslautern<\/div><\/div><div class=\"aclear\"><\/div><\/div>\n<div id=\"testimonialbox3\"><img src=\"\" width:88px; height:101px; style=\"border:1px solid #666666;width:88px;height:101px;\" \/><div id=\"testimonialbox3side\"><div id=\"testimonialbox3text\">&#8222;Hallo Karla!<br \/>\nIch bin sehr froh, dass ich mich f\u00fcr dein Coaching entschieden habe. Es ist so viel einfacher motiviert Sport zu machen, wenn man nicht mehr dr\u00fcber nachdenken muss, was man tun soll und ob das was man macht auch das Richtige ist. Au\u00dferdem mache ich nun jeden Tag mindestens 15 min. deine Workouts, bei k\u00fcrzeren Einheiten h\u00e4nge ich meistens noch weitere \u00dcbungen dran (wenn mein Muskelkater es zul\u00e4sst ;). Das Training tut mir gut und gibt mir ein sehr gutes Gef\u00fchl auf dem richtigen Weg zu sein.&#8220;<br \/>\n<\/div><div id=\"testimonialbox3name\">Tanja<\/div><\/div><div class=\"aclear\"><\/div><\/div>\n<div id=\"testimonialbox3\"><img src=\"http:\/\/poundattack.de\/bikinifigurcoaching\/wp-content\/uploads\/2013\/05\/gaby.jpg\" width:88px; height:101px; style=\"border:1px solid #666666;width:88px;height:101px;\" \/><div id=\"testimonialbox3side\"><div id=\"testimonialbox3text\">\u201cNach meiner H\u00fcft-Op hatte ich vermehrt R\u00fcckenschmerzen bedingt durch Skoliose und Bandscheibenvorf\u00e4lle.\u2028Muskelaufbau sollte eine weitere Op hinaus z\u00f6gern. So lernte ich im Reha-Sport Karla kennen und als sie im Mai ihr Bootcamp\u2028auf dem Weil der St\u00e4dter Sportplatz startete, meldete ich mich an. Bis September traf sich unsere Gruppe M\u00e4dels und Frauen mehrmals in der Woche\u2028und wir hatten trotz Schwei\u00df und Muskelkater jede Menge Spa\u00df und sichtbare Erfolge.\u2028Bis heute ben\u00f6tige ich kein BTM mehr und nur noch gelegentlich Schmerzmittel, zudem habe ich 9 Kilo abgenommen und f\u00fchle mich k\u00f6rperlich fit.\u2028Dank Internet und Karlas Poundattack-Online-Bootcamp kann ich weiterhin trainieren und eine Op ist f\u00fcr mich in weite Ferne ger\u00fcckt.\u2028Mitmachen lohnt sich &#8230; egal wie jung oder alt, fit oder nicht fit !\u201d<\/div><div id=\"testimonialbox3name\">Gaby (52) aus Weil der Stadt<\/div><\/div><div class=\"aclear\"><\/div><\/div>\n<div id=\"testimonialbox1\"><div id=\"testimonialbox1text\">&#8222;Ich bin sehr froh, deine Programme, Tipps und Videos gefunden zu haben. Meiner Meinung nach ist das alles sehr stimmig und du kommst super sympathisch und kompetent r\u00fcber, ich habe das Gef\u00fchl, mit einer Freundin an der Seite zu trainieren. Danke daf\u00fcr!!&#8220;<\/div><div id=\"testimonialbox1name\">Bianca<\/div><\/div>\n<div id=\"testimonialbox1\"><div id=\"testimonialbox1text\">Hallo Karla, ich finde dein Programm super! Ich habe schon oft versucht abzunehmen mit vielen Varianten, diese ist die erste die Spa\u00df macht. Die Idee des kurzen, intensiven Workouts kann ich super in meiner i.D. 55 Std. Woche unterbringen. Wahrscheinlich ist es bisher immer am Sport gescheitert &#8211; nach einem 12 Stundentag, kann ich einfach nicht mehr. Die kurzen Workouts, kann ich fast jeden Tag irgendwo einbauen. Besonders gut hat sich bei mir das Bild vom Bikini, der am Strand auf der W\u00e4scheleine h\u00e4ngt eingepr\u00e4gt, das ist wirklich toll! Viele Gr\u00fc\u00dfe, Deike&#8220;<\/div><div id=\"testimonialbox1name\">Deike<\/div><\/div>\n<div id=\"testimonialbox3\"><img src=\"\" width:88px; height:101px; style=\"border:1px solid #666666;width:88px;height:101px;\" \/><div id=\"testimonialbox3side\"><div id=\"testimonialbox3text\">&#8222;Liebe Karla,<\/p>\n<p>ich habe eben dein Motivationsvideo aus Lektion 11 gesehen und m\u00f6chte dir nur kurz r\u00fcckmelden, dass ich deine \u00dcbungen nicht f\u00fcr zu schwer halte. Natrlich bin nach den \u00dcbungen geschafft, aber so soll es ja auch sein. Und die Erholung tritt recht schnell ein. Ich hatte \u00fcbriegns noch keinen schlimmen Muskelkater -eher so ein leichtes Ziehen. Die Challenges finde ich auch richtig gut!<\/p>\n<p>Ich bin nun 4 Wochen dabei und habe insgesamt 10 cm verloren! (4 am Bauch und 3 an jedem Bein). Auch der Fitnesstest hat gute Resultate gebracht. So schaffe ich nun ein richtige Plank anstatt einer leichten Variante.<\/p>\n<p>Ich habe dein R\u00fchrei ausprobiert und mir den Tipp zu Herzen genommen, dass Ei mit Gem\u00fcse sehr gut bei der Fettverbrennung ist. Ich bereite, R\u00fchrei oder Omelette oder Frittata abends vor und w\u00e4rme es morgens. Der Salat aus Avocado Thunfisch, Tomaten und Mozzarella ist sehr lecker. Durch dich habe ich die Avocado kennen und lieben gelernt!<\/p>\n<p>Liebe Gr\u00fc\u00dfe<br \/>\nSteffi&#8220;<\/div><div id=\"testimonialbox3name\">Steffi<\/div><\/div><div class=\"aclear\"><\/div><\/div>\n<div id=\"testimonialbox3\"><img src=\"http:\/\/poundattack.de\/bikinifigurcoaching\/wp-content\/uploads\/2013\/05\/petra.jpg\" width:88px; height:101px; style=\"border:1px solid #666666;width:88px;height:101px;\" \/><div id=\"testimonialbox3side\"><div id=\"testimonialbox3text\">\u201cPoundattack ist f\u00fcr mich die Entdeckung des letzten Jahres. Nicht nur, dass ich damit die l\u00e4stigen 5kg zu meinem Wohlf\u00fchlgewicht ohne Schwierigkeiten abgenommen und seither gehalten habe, bin ich mittlerweile regelrecht s\u00fcchtig nach den kurzweiligen und abwechslungsreichen Workouts. Das allerbeste daran aber ist, dass sich tats\u00e4chlich auch noch in meinem Alter ( Jahrgang 1957 ) die Figur wirklich ver\u00e4ndert, sportlicher und durchtrainierter wird und man sich einfach sauwohl in seiner Haut f\u00fchlt. Super finde ich auch, dass man viele Workouts wirklich \u00fcberall und ohne jeglichen Aufwand machen kann und die Dauer von 12 \u2013 15 Minuten sich selbst bei einem stressigen Berufsleben einbauen l\u00e4sst. Super Sache, auf die ich nicht mehr verzichten m\u00f6chte!\u201d<\/div><div id=\"testimonialbox3name\">Petra S. (54) aus Linz<\/div><\/div><div class=\"aclear\"><\/div><\/div>\n<div id=\"testimonialbox3\"><img src=\"http:\/\/poundattack.de\/bikinifigurcoaching\/wp-content\/uploads\/2013\/05\/jessi.jpg\" width:88px; height:101px; style=\"border:1px solid #666666;width:88px;height:101px;\" \/><div id=\"testimonialbox3side\"><div id=\"testimonialbox3text\">\u201cIch investierte sehr viel Zeit in Sport in meiner Freizeit und dachte, dass ich k\u00f6rperlich top fit bin. poundattack hat mir jedoch bewiesen, dass es sehr viele Muskelgruppen gibt, die ich bisher nicht trainiert habe. Durch die verschiedensten und abwechslungsreichen \u00dcbungen im Bootcamp habe ich meine Fettp\u00f6lsterchen durch Muskeln ersetzen k\u00f6nnen. Ich f\u00fchle mich jetzt total wohl in meinem K\u00f6rper. poundattack hat f\u00fcr mich viele Vorteile. Ich kann mir die Trainingszeit selbst aussuchen und muss nach einem langen Arbeitstag nicht mehr meine Sportsachen einpacken und aus dem Haus gehen. Nur ein Workout pro Tag von wenigen Minuten ist eine echte Zeitersparnis und bringt ein effektives Ergebnis. Ich merke, dass die \u00dcbungen den ganzen K\u00f6rper trainieren, das sorgt f\u00fcr eine optimale Verteilung der Muskeln. Au\u00dferdem motiviert mich Karla in ihren Video-Clips total und es macht einfach nur Spa\u00df das Workout gemeinsam mit ihr durchzuziehen \u263a!\u201d<\/div><div id=\"testimonialbox3name\">Jessi aus Stuttgart<\/div><\/div><div class=\"aclear\"><\/div><\/div>\n<div id=\"testimonialbox1\"><div id=\"testimonialbox1text\">\u201cLiebe Karla, Ich bin begeistert von dem Programm! Noch nie hat mir eine Di\u00e4t so viel Spa\u00df gemacht. Abnehmen per Videoanleitung ist genau das, was mir bisher gefehlt hat und mir pers\u00f6nlich liegt, da es nicht so anonym ist wie ein Di\u00e4tprogramm in Form eines Buches. Bei Deinem Programm f\u00fchle ich mich pers\u00f6nlich angesprochen und erfahre jeden Tag Schritt f\u00fcr Schritt, was als n\u00e4chstes auf dem Plan steht. Jeden Morgen, wenn ich meinen Fr\u00fchst\u00fcckskaffee getrunken habe, habe ich mich auf ein neues Video gefreut und war f\u00fcr den Rest des Tages motiviert!\u201d<\/div><div id=\"testimonialbox1name\">Jutta Christina Klos<\/div><\/div>\n<div id=\"testimonialbox1\"><div id=\"testimonialbox1text\">\u201cGanz ehrlich? Das h\u00e4tte ich jetzt nicht erwartet! Nicht die \u00fcblichen leeren und total \u00fcberzogenen Versprechungen, sondern ein effektiver Videokurs, der erfrischend ist und wirklich Laune macht, M\u00f6glichkeiten aufzeigt, die tats\u00e4chlich f\u00fcr jedermann\/frau nachvollziehbar sind, keine Verrenkungen abverlangt, vor allem keine Hungertage, ganz im Gegenteil und trotzdem die Pfunde purzeln l\u00e4sst.\u00a0Mein Urteil: Sehr empfehlenswert!\u201d<\/div><div id=\"testimonialbox1name\">Marion Beier<\/div><\/div>\n<div id=\"testimonialbox1\"><div id=\"testimonialbox1text\">\u201cHi Karla! Die Videos sind durchgehend freundlich, gleichzeitig seri\u00f6s und kompetent. Besonders die verschiedenen Varianten der \u00dcbungen je nach Leistungsstand sind sehr hilfreich. So ist f\u00fcr jeden das Richtige dabei. Deine Motivation kommt an!\u00a0\u201d<\/div><div id=\"testimonialbox1name\">Ulrike Th\u00f6rmer <\/div><\/div>\n<script type=\"text\/javascript\">digistore_wpPromoPixel( 'aff', 'cam', \"http:\/\/www.digistore24.com\/track\/DIGISTORE24ID\/11923\/CAMPAIGNKEY\" )<\/script>","protected":false},"excerpt":{"rendered":"<p>&nbsp; Hier findest Du Meinungen anderer Bikinifigur Teilnehmerinnen: &nbsp; Julia Remigus sagt: &#8222;Hallo Karla, zun\u00e4chst m\u00f6chte ich mich wirklich bei dir bedanken! Ich bin nun seit 2 Wochen dabei und habe gerade zum 2. Mal gemessen. Wow! Ich habe insg. fast 19 cm verloren, davon mit 6 cm das meiste am Bauch. Ich bin echt [&hellip;]<\/p>\n","protected":false},"author":1,"featured_media":0,"parent":0,"menu_order":0,"comment_status":"open","ping_status":"open","template":"","meta":{"_links_to":"","_links_to_target":""},"acf":[],"_links":{"self":[{"href":"https:\/\/poundattack.de\/bikinifigurcoaching\/wp-json\/wp\/v2\/pages\/3057"}],"collection":[{"href":"https:\/\/poundattack.de\/bikinifigurcoaching\/wp-json\/wp\/v2\/pages"}],"about":[{"href":"https:\/\/poundattack.de\/bikinifigurcoaching\/wp-json\/wp\/v2\/types\/page"}],"author":[{"embeddable":true,"href":"https:\/\/poundattack.de\/bikinifigurcoaching\/wp-json\/wp\/v2\/users\/1"}],"replies":[{"embeddable":true,"href":"https:\/\/poundattack.de\/bikinifigurcoaching\/wp-json\/wp\/v2\/comments?post=3057"}],"version-history":[{"count":0,"href":"https:\/\/poundattack.de\/bikinifigurcoaching\/wp-json\/wp\/v2\/pages\/3057\/revisions"}],"wp:attachment":[{"href":"https:\/\/poundattack.de\/bikinifigurcoaching\/wp-json\/wp\/v2\/media?parent=3057"}],"curies":[{"name":"wp","href":"https:\/\/api.w.org\/{rel}","templated":true}]}}