{"id":3620,"date":"2014-09-13T23:58:32","date_gmt":"2014-09-13T21:58:32","guid":{"rendered":"http:\/\/poundattack.de\/bikinifigurcoaching\/checkliste-1-klick-fehlt-noch\/"},"modified":"2014-09-21T21:22:50","modified_gmt":"2014-09-21T19:22:50","slug":"checkliste-1-klick-fehlt-noch","status":"publish","type":"page","link":"https:\/\/poundattack.de\/bikinifigurcoaching\/checkliste-1-klick-fehlt-noch\/","title":{"rendered":"Checkliste &#8211; 1 Klick fehlt noch"},"content":{"rendered":"<p><img decoding=\"async\" alt=\"\" src=\"http:\/\/www.poundattack.de\/gratisabnehmplan\/wp-content\/uploads\/2014\/04\/logo2.png\" \/><\/p>\n<h1>WICHTIG: Bitte best\u00e4tige jetzt deine Eintragung!<\/h1>\n<p><strong><span style=\"background-color: #ffff99;\">Ein Klick fehlt noch (60 Sekunden des Videos unbedingt anschauen)!!<\/span><\/strong><\/p>\n<p>1) Bitte \u00f6ffne jetzt Dein E-Mail-Postfach!<br \/>\n2) \u00d6ffne die Email von \u201cKarlas poundattack\u201d\u00a0 mit dem Betreff <em>\u201c[Bikinifigur Checkliste] Ein Klick fehlt noch &#8230;\u201d<\/em><br \/>\n3) Klicke auf den Link in dieser E-Mail. Du erh\u00e4lst die Bikinifigur Ceckliste umgehend per E-Mail zugeschickt.<\/p>\n<p><iframe src=\"\/\/player.vimeo.com\/video\/106283523?autoplay=1\" width=\"640\" height=\"400\" frameborder=\"0\" webkitallowfullscreen mozallowfullscreen allowfullscreen><\/iframe><\/p>\n<p>Ich w\u00fcnsche Dir viel Erfolg beim Kochen, Trainieren und Abnehmen.<\/p>\n<p>Alles Liebe,<br \/>\nDeine Karla<\/p>\n<p><img decoding=\"async\" alt=\"\" src=\"http:\/\/www.poundattack.de\/speckwegkueche\/wp-content\/uploads\/2013\/10\/IMG_4669-karla-2-e1382368071741.jpg\" \/><\/p>\n<script type=\"text\/javascript\">digistore_wpPromoPixel( 'aff', 'cam', \"http:\/\/www.digistore24.com\/track\/DIGISTORE24ID\/11923\/CAMPAIGNKEY\" )<\/script>","protected":false},"excerpt":{"rendered":"<p>WICHTIG: Bitte best\u00e4tige jetzt deine Eintragung! Ein Klick fehlt noch (60 Sekunden des Videos unbedingt anschauen)!! 1) Bitte \u00f6ffne jetzt Dein E-Mail-Postfach! 2) \u00d6ffne die Email von \u201cKarlas poundattack\u201d\u00a0 mit dem Betreff \u201c[Bikinifigur Checkliste] Ein Klick fehlt noch &#8230;\u201d 3) Klicke auf den Link in dieser E-Mail. Du erh\u00e4lst die Bikinifigur Ceckliste umgehend per E-Mail [&hellip;]<\/p>\n","protected":false},"author":1,"featured_media":0,"parent":0,"menu_order":0,"comment_status":"open","ping_status":"open","template":"","meta":{"_links_to":"","_links_to_target":""},"acf":[],"_links":{"self":[{"href":"https:\/\/poundattack.de\/bikinifigurcoaching\/wp-json\/wp\/v2\/pages\/3620"}],"collection":[{"href":"https:\/\/poundattack.de\/bikinifigurcoaching\/wp-json\/wp\/v2\/pages"}],"about":[{"href":"https:\/\/poundattack.de\/bikinifigurcoaching\/wp-json\/wp\/v2\/types\/page"}],"author":[{"embeddable":true,"href":"https:\/\/poundattack.de\/bikinifigurcoaching\/wp-json\/wp\/v2\/users\/1"}],"replies":[{"embeddable":true,"href":"https:\/\/poundattack.de\/bikinifigurcoaching\/wp-json\/wp\/v2\/comments?post=3620"}],"version-history":[{"count":0,"href":"https:\/\/poundattack.de\/bikinifigurcoaching\/wp-json\/wp\/v2\/pages\/3620\/revisions"}],"wp:attachment":[{"href":"https:\/\/poundattack.de\/bikinifigurcoaching\/wp-json\/wp\/v2\/media?parent=3620"}],"curies":[{"name":"wp","href":"https:\/\/api.w.org\/{rel}","templated":true}]}}