{"id":5789,"date":"2017-12-23T21:48:59","date_gmt":"2017-12-23T19:48:59","guid":{"rendered":"http:\/\/poundattack.de\/bikinifigurcoaching\/?page_id=5789"},"modified":"2017-12-24T15:31:55","modified_gmt":"2017-12-24T13:31:55","slug":"tuerchen-20-gefuellte-suesskartoffel","status":"publish","type":"page","link":"https:\/\/poundattack.de\/bikinifigurcoaching\/tuerchen-20-gefuellte-suesskartoffel\/","title":{"rendered":"T\u00fcrchen 20: Gef\u00fcllte S\u00fc\u00dfkartoffel"},"content":{"rendered":"<p><iframe src=\"https:\/\/player.vimeo.com\/video\/247049459\" width=\"640\" height=\"360\" frameborder=\"0\" allowfullscreen=\"allowfullscreen\"><\/iframe><\/p>\n<p>&nbsp;<\/p>\n<p><a href=\"http:\/\/poundattack.de\/1\/wp-content\/uploads\/2017\/12\/Gef\u00fcllte-S\u00fc\u00dfkartoffeln.pdf\" target=\"_blank\">Rezept S\u00fc\u00dfkartoffeln<\/a><\/p>\n<script type=\"text\/javascript\">digistore_wpPromoPixel( 'aff', 'cam', \"http:\/\/www.digistore24.com\/track\/DIGISTORE24ID\/11923\/CAMPAIGNKEY\" )<\/script>","protected":false},"excerpt":{"rendered":"<p>&nbsp; Rezept S\u00fc\u00dfkartoffeln<\/p>\n","protected":false},"author":1,"featured_media":0,"parent":0,"menu_order":0,"comment_status":"closed","ping_status":"closed","template":"members-style1-contentUS.php","meta":{"_links_to":"","_links_to_target":""},"acf":[],"_links":{"self":[{"href":"https:\/\/poundattack.de\/bikinifigurcoaching\/wp-json\/wp\/v2\/pages\/5789"}],"collection":[{"href":"https:\/\/poundattack.de\/bikinifigurcoaching\/wp-json\/wp\/v2\/pages"}],"about":[{"href":"https:\/\/poundattack.de\/bikinifigurcoaching\/wp-json\/wp\/v2\/types\/page"}],"author":[{"embeddable":true,"href":"https:\/\/poundattack.de\/bikinifigurcoaching\/wp-json\/wp\/v2\/users\/1"}],"replies":[{"embeddable":true,"href":"https:\/\/poundattack.de\/bikinifigurcoaching\/wp-json\/wp\/v2\/comments?post=5789"}],"version-history":[{"count":0,"href":"https:\/\/poundattack.de\/bikinifigurcoaching\/wp-json\/wp\/v2\/pages\/5789\/revisions"}],"wp:attachment":[{"href":"https:\/\/poundattack.de\/bikinifigurcoaching\/wp-json\/wp\/v2\/media?parent=5789"}],"curies":[{"name":"wp","href":"https:\/\/api.w.org\/{rel}","templated":true}]}}