{"id":6074,"date":"2018-07-11T17:37:07","date_gmt":"2018-07-11T15:37:07","guid":{"rendered":"http:\/\/poundattack.de\/bikinifigurcoaching\/schritt-2-persoenliches-coaching\/"},"modified":"2023-05-02T22:52:03","modified_gmt":"2023-05-02T20:52:03","slug":"schritt-2-persoenliches-coaching","status":"publish","type":"page","link":"https:\/\/poundattack.de\/bikinifigurcoaching\/schritt-2-persoenliches-coaching\/","title":{"rendered":"Bestellung &#8211; Schritt 2 | Pers\u00f6nliches 1:1 Coaching"},"content":{"rendered":"<div class=\"order_box_1 order_box_2\" style=\"width:75%;border-width:1px!important;\">\n<p><center>&#8211; Nur 5 Pl\u00e4tze verf\u00fcgbar &#8211;<\/center><\/div><br \/>\n&nbsp;<br \/>\n<center><strong style=\"font-size: 2em;\"><span style=\"color: #000000;\">Sichere Dir das private 1:1 Coaching (3 Monate)<\/span><\/strong><\/center><br \/>\n&nbsp;<br \/>\n<center><iframe src=\"https:\/\/player.vimeo.com\/video\/279276444\" width=\"640\" height=\"360\" frameborder=\"0\" webkitallowfullscreen=\"\" mozallowfullscreen=\"\" allowfullscreen=\"\"><\/iframe><\/center><\/p>\n<div style=\"padding:10px 10px 10px 105px; width:75%;\">\n<p style=\"border-style:dashed; padding-left:20px; padding-right:20px; padding-top:20px; padding-bottom:20px;\">&#8222;Hiermit buchst du mich f\u00fcr 3 Monate als deinen pers\u00f6nlichen &amp; privaten 1:1 Coach.<br \/>\nIch nehme dich zus\u00e4tzlich, zu allen Inhalten des Bikinifigur Coaching Programms, pers\u00f6nlich an die Hand.<\/p>\n<p>Wir werden in privaten 1:1 Telefonaten deine aktuelle Situation besprechen.<br \/>\nIch k\u00fcmmere mich pers\u00f6nlich ganz speziell um Dein Ziel!<\/p>\n<p>Nach dem ausf\u00fchrlichen Erstgespr\u00e4ch werden wir 1x pro Woche telefonieren und gemeinsam die vergangenen Tage reflektieren. Wir besprechen deine Probleme \/ H\u00fcrden \/ Blockaden und r\u00e4umen diese endg\u00fcltig aus dem Weg. Nichts wird dir so sehr weiterhelfen, wie dieses 1:1 Coaching.<\/p>\n<p>Ich werde dich &#8222;anschubsen&#8220;, wenn du auf ein Hindernis triffst. Ich helfe dir, wenn es mal nicht ganz so gut l\u00e4uft. Und ich zeige dir die Abk\u00fcrzung zum Ziel.<\/p>\n<p>Ich k\u00fcmmere mich ganz speziell um deine Ern\u00e4hrung, um dein pers\u00f6nliches Fitnesstraining &#8211; und ganz wichtig &#8211; um dein Mindset. Um das, was in deinem Kopf stattfindet. Denn das ist am Ende genau das, was dich dauerhaft ans Ziel bringt.<\/p>\n<p>Mein pers\u00f6nliches 1:1 Coaching ist sicherlich nicht f\u00fcr jeden geeignet &#8211; aber ich kann dir eines versprechen: Es wird dein Leben nachhaltig positiv ver\u00e4ndern.&#8220;<\/p>\n<\/div>\n<p><center><a href=\"http:\/\/www.digistore24.com\/answer\/yes\/\"><img decoding=\"async\" src=\"http:\/\/poundattack.de\/\/bikinifigurcoaching\/wp-content\/uploads\/2018\/07\/addtocart-style11-2.png\" alt=\"\"><\/a><\/center><br \/>\n<center><a href=\"http:\/\/www.digistore24.com\/answer\/no\/\">Nein, ich verzichte auf das private 1:1 Erfolgs-Coaching<\/a><\/center><\/p>\n<script type=\"text\/javascript\">digistore_wpPromoPixel( 'aff', 'cam', \"http:\/\/www.digistore24.com\/track\/DIGISTORE24ID\/11923\/CAMPAIGNKEY\" )<\/script>","protected":false},"excerpt":{"rendered":"<p>&nbsp; Sichere Dir das private 1:1 Coaching (3 Monate) &nbsp; &#8222;Hiermit buchst du mich f\u00fcr 3 Monate als deinen pers\u00f6nlichen &amp; privaten 1:1 Coach. Ich nehme dich zus\u00e4tzlich, zu allen Inhalten des Bikinifigur Coaching Programms, pers\u00f6nlich an die Hand. Wir werden in privaten 1:1 Telefonaten deine aktuelle Situation besprechen. Ich k\u00fcmmere mich pers\u00f6nlich ganz speziell [&hellip;]<\/p>\n","protected":false},"author":1,"featured_media":0,"parent":0,"menu_order":0,"comment_status":"open","ping_status":"open","template":"launch_002d.php","meta":{"_links_to":"","_links_to_target":""},"acf":[],"_links":{"self":[{"href":"https:\/\/poundattack.de\/bikinifigurcoaching\/wp-json\/wp\/v2\/pages\/6074"}],"collection":[{"href":"https:\/\/poundattack.de\/bikinifigurcoaching\/wp-json\/wp\/v2\/pages"}],"about":[{"href":"https:\/\/poundattack.de\/bikinifigurcoaching\/wp-json\/wp\/v2\/types\/page"}],"author":[{"embeddable":true,"href":"https:\/\/poundattack.de\/bikinifigurcoaching\/wp-json\/wp\/v2\/users\/1"}],"replies":[{"embeddable":true,"href":"https:\/\/poundattack.de\/bikinifigurcoaching\/wp-json\/wp\/v2\/comments?post=6074"}],"version-history":[{"count":0,"href":"https:\/\/poundattack.de\/bikinifigurcoaching\/wp-json\/wp\/v2\/pages\/6074\/revisions"}],"wp:attachment":[{"href":"https:\/\/poundattack.de\/bikinifigurcoaching\/wp-json\/wp\/v2\/media?parent=6074"}],"curies":[{"name":"wp","href":"https:\/\/api.w.org\/{rel}","templated":true}]}}