{"id":6257,"date":"2019-05-02T16:12:10","date_gmt":"2019-05-02T14:12:10","guid":{"rendered":"http:\/\/poundattack.de\/bikinifigurcoaching\/intermittent-fasting-videotraining-schritt-3\/"},"modified":"2023-05-02T22:55:19","modified_gmt":"2023-05-02T20:55:19","slug":"intermittent-fasting-videotraining-schritt-3","status":"publish","type":"page","link":"https:\/\/poundattack.de\/bikinifigurcoaching\/intermittent-fasting-videotraining-schritt-3\/","title":{"rendered":"Intermittent Fasting Videotraining &#8211; Schritt 3"},"content":{"rendered":"<p><center><strong style=\"font-size: 2em;\"><span style=\"color: #ff0000;\">Steigere deinen Erfolg (limitiertes Sonderangebot #2)!<\/span><\/strong><\/center><br \/>\n<center><iframe src=\"https:\/\/player.vimeo.com\/video\/331096179?autoplay=1\" width=\"640\" height=\"360\" frameborder=\"0\" webkitallowfullscreen=\"\" mozallowfullscreen=\"\" allowfullscreen=\"\"><\/iframe><\/center><br \/>\n<center><\/p>\n<div style=\"padding:0px 0px 0px 0px; width:70%;\">\n<h3 align=\"center\"><strong>Ja, ich m\u00f6chte jetzt f\u00fcr nur einmalig <span style=\"color: #ff0000;\">EUR 67,-<\/span> den LEBENSLANGEN Zugang \u201eBody Transformer Workouts\u201c dazu bestellen!<\/strong><\/h3>\n<\/div>\n<p><\/center><br \/>\n<center><br \/>\n<center><img decoding=\"async\" alt=\"\" src=\"http:\/\/www.poundattack.de\/bodytransformation\/wp-content\/uploads\/2013\/04\/shwarrws2.png\"><\/center>&nbsp;<\/center><center><a href=\"http:\/\/www.digistore24.com\/answer\/yes\/\" target=\"_blank\" rel=\"noopener\"><img decoding=\"async\" title=\"Jetzt f\u00fcr nur 67,- Euro dazu bestellen\" alt=\"\" src=\"http:\/\/poundattack.de\/body-transformer-workouts\/wp-content\/uploads\/2014\/02\/addtocart-style2.png\"><\/a><\/center>&nbsp;<\/p>\n<p style=\"text-align: left;\"><span style=\"text-decoration: underline;\"><span style=\"color: #000000; text-decoration: underline;\"><a href=\"http:\/\/www.digistore24.com\/answer\/no\/\"><span style=\"color: #000000; text-decoration: underline;\">Nein Danke, die 12 Minuten Workouts f\u00fcr einen sch\u00f6n geformten K\u00f6rper sind mir zuviel. Ich m\u00f6chte auf das einmalige Angebot verzichten \u2013 auch wenn ich wei\u00df, dass es die optimale Erg\u00e4nzung zum Intermittent-Fasting ist und ich nur jetzt die Gelegenheit zu diesem Angebot habe.<\/span><\/a><\/span><\/span><\/p>\n<p>&nbsp;<br \/>\n<center><img decoding=\"async\" src=\"http:\/\/www.poundattack.de\/bodytransformation\/wp-content\/uploads\/2013\/04\/Pfeile-unten.png\" alt=\"\"><\/center>&nbsp;<\/p>\n<p><span style=\"font-size: large; font-family: 'courier new', courier;\">* Du gehst kein Risiko ein. Dieses Angebot ist kein Abo! Du erh\u00e4ltst einen LEBENSLANGEN Zugang zum Online-Mitglieder-Bereich und kannst sofort starten!<\/span><br \/>\n&nbsp;<\/p>\n<h1 style=\"text-align: left;\"><span style=\"color: #ff0000;\">Lass mich Dir zeigen, wie Du sch\u00f6ne Muskeln formst, Deinen K\u00f6rper straffst und noch schneller Fett abbaust!<\/span><\/h1>\n<div style=\"width:100%;margin:0px auto;\">\n<ul class=\"black_arrow_list\">\n<li><span style=\"font-family: 'courier new', courier; font-size: large;\">Ohne Equipment und nur mit Deinem eigenen K\u00f6rpergewicht<\/span><\/li>\n<li><span style=\"font-family: 'courier new', courier; font-size: large; background-color: #ffff99;\">In nur 12 Minuten pro Tag!<\/span><\/li>\n<li><span style=\"font-family: 'courier new', courier; font-size: large;\">Mit einer Methode, die Du \u00fcberall machen kannst<\/span><\/li>\n<li><span style=\"font-family: 'courier new', courier; font-size: large;\">Und dabei Deinen Stoffwechsel richtig in Schwung bringst<\/span><\/li>\n<\/ul>\n<p><\/div><br \/>\n&nbsp;<br \/>\n<span style=\"font-family: 'courier new', courier; font-size: large;\">F\u00fcr eine fitte und attraktive Figur musst Du SEHR VIEL WENIGER trainieren, als Du denkst!<\/span><br \/>\n&nbsp;<br \/>\n<span style=\"font-family: 'courier new', courier; font-size: large;\">Ich trainiere selbst <span style=\"text-decoration: underline;\">nur wenige Minuten pro Tag<\/span> und bin dadurch deutlich fitter, als zu Zeiten, in denen ich meine ganze Freizeit im Fitnessstudio verbracht habe.<\/span><br \/>\n&nbsp;<br \/>\n<span style=\"font-family: 'courier new', courier; font-size: large;\"><strong>In meinen <span style=\"background-color: #ffff99;\">Bodytranformer Workouts<\/span> zeige ich Dir meine Lieblings Workouts f\u00fcr mehr Kraft, mehr Ausdauer, mehr Energie und einen sch\u00f6n geformten K\u00f6rper.<\/strong><\/span><br \/>\n&nbsp;<br \/>\n<span style=\"font-family: 'courier new', courier; font-size: large;\"> <div class=\"features-box-azure-blue features-box-light-blue\" style=\"width:60%;border-width:1px!important;\"><\/span><\/p>\n<h3><span style=\"text-decoration: underline;\"><span style=\"font-family: 'courier new', courier; font-size: large;\">Dieses einmalige Angebot umfasst:<\/span><\/span><\/h3>\n<p><span style=\"font-family: 'courier new', courier; font-size: large;\"><div style=\"width:100%;margin:0px auto;\"><\/span><\/p>\n<ul class=\"green_tick_1_list\">\n<li><span style=\"font-family: 'courier new', courier; font-size: large;\">Intensive, abwechslungsreiche Workouts zum sofort Mitmachen<\/span><\/li>\n<li><span style=\"font-family: 'courier new', courier; font-size: large;\">Ein hoch effektives Training ohne Equipment, das Du immer und \u00fcberall machen kannst<\/span><\/li>\n<li><span style=\"font-family: 'courier new', courier; font-size: large;\">Verschiedene Kategorien f\u00fcr das gezielte Training \u201eproblematischer\u201c K\u00f6rperpartien<\/span><\/li>\n<li><span style=\"font-family: 'courier new', courier; font-size: large;\">Alle 14 Tage ein neues Workout f\u00fcr viel Abwechslung<\/span><\/li>\n<li><span style=\"font-family: 'courier new', courier; font-size: large;\">Detaillierte Anleitungen zu den \u00dcbungen und Varianten f\u00fcr alle Fitnesslevel<\/span><\/li>\n<li><span style=\"font-family: 'courier new', courier; font-size: large;\">Spa\u00df und Motivation<\/span><\/li>\n<li><span style=\"font-family: 'courier new', courier; font-size: large;\">Meine pers\u00f6nliche Unterst\u00fctzung<\/span><\/li>\n<li><span style=\"font-family: 'courier new', courier; font-size: large;\">Und: Einen fitten und starken K\u00f6rper :-)<\/span><\/li>\n<\/ul>\n<p><span style=\"font-family: 'courier new', courier; font-size: large;\"><\/div><\/div><\/span><br \/>\n&nbsp;<br \/>\n<center><span style=\"font-family: 'courier new', courier; font-size: large;\"><strong>Es kommen regelm\u00e4\u00dfig brandneue Workouts dazu! Abwechslung ist garantiert!<\/strong><\/span><\/center>&nbsp;<br \/>\n&nbsp;<br \/>\n<center><\/center><span style=\"font-family: 'courier new', courier; font-size: large;\"><div class=\"features-box-yellow\" style=\"width:60%;border-width:2px!important;\"><\/span><\/p>\n<h3><span style=\"text-decoration: underline;\"><span style=\"font-family: 'courier new', courier; font-size: large;\">Body Transformer Workouts beinhalten unter anderem:<\/span><\/span><\/h3>\n<p>&nbsp;<\/p>\n<p><span style=\"font-family: 'courier new', courier; font-size: large;\"><img decoding=\"async\" class=\"aligncenter\" title=\"Bildschirmfoto 2012-11-10 um 13.01.48\" src=\"http:\/\/www.poundattack.de\/bodytransformation\/wp-content\/uploads\/2012\/09\/Bildschirmfoto-2012-11-10-um-13.01.48-300x187.png\" alt=\"\" width=\"300\" height=\"187\"><\/span><\/p>\n<div><center><span style=\"font-family: 'courier new', courier; font-size: large;\"><span style=\"font-family: 'courier new', courier; font-size: large;\">Cardio-Intervall-Training<br \/>\nf\u00fcr perfekte Fettverbrennung<\/span><\/span>&nbsp;<\/p>\n<p><\/center><\/div>\n<p><span style=\"font-family: 'courier new', courier; font-size: large;\"><img decoding=\"async\" class=\"aligncenter\" title=\"Bildschirmfoto 2012-11-10 um 13.06.29\" src=\"http:\/\/www.poundattack.de\/bodytransformation\/wp-content\/uploads\/2012\/09\/Bildschirmfoto-2012-11-10-um-13.06.29-300x187.png\" alt=\"\" width=\"300\" height=\"187\"><\/span><\/p>\n<div><center><span style=\"font-family: 'courier new', courier; font-size: large;\"><span style=\"font-family: 'courier new', courier; font-size: large;\">Training f\u00fcr die Rumpfmuskulatur<br \/>\nf\u00fcr einen starken R\u00fccken und eine<br \/>\nschlanke Taille<\/span><\/span>&nbsp;<\/p>\n<p><\/center><\/div>\n<p><span style=\"font-family: 'courier new', courier; font-size: large;\"><img decoding=\"async\" class=\"aligncenter\" title=\"Bildschirmfoto 2012-11-10 um 13.04.37\" src=\"http:\/\/www.poundattack.de\/bodytransformation\/wp-content\/uploads\/2012\/09\/Bildschirmfoto-2012-11-10-um-13.04.37-300x187.png\" alt=\"\" width=\"300\" height=\"187\"><\/span><\/p>\n<div><center><span style=\"font-family: 'courier new', courier; font-size: large;\"><span style=\"font-family: 'courier new', courier; font-size: large;\">effektives Krafttraining<br \/>\nf\u00fcr sch\u00f6n geformte Muskeln<\/span><\/span>&nbsp;<\/p>\n<p><\/center><\/div>\n<p><span style=\"font-family: 'courier new', courier; font-size: large;\"><img decoding=\"async\" class=\"aligncenter\" title=\"Bildschirmfoto 2012-11-10 um 13.00.09\" src=\"http:\/\/www.poundattack.de\/bodytransformation\/wp-content\/uploads\/2012\/09\/Bildschirmfoto-2012-11-10-um-13.00.09-300x187.png\" alt=\"\" width=\"300\" height=\"187\"><\/span><\/p>\n<div><center><span style=\"font-family: 'courier new', courier; font-size: large;\">Stretching f\u00fcr mehr Entspannung<br \/>\nund schnellere Regeneration<\/span><\/center><\/div>\n<p><span style=\"font-family: 'courier new', courier; font-size: large;\"><\/div><\/span><\/p>\n<div><\/div>\n<div>\n<p><span style=\"font-family: 'courier new', courier; font-size: large;\">Alle Workouts mache ich mit Dir zusammen!<\/span><br \/>\n&nbsp;<br \/>\n<span style=\"font-family: 'courier new', courier; font-size: large;\">Sie sind so zusammengestellt, dass sie Dir <span style=\"background-color: #ffff99;\"><strong>in nur 12 Minuten<\/strong><\/span> alles liefern, um Deine Fitness auf ein ganz neues Level zu heben. Egal, ob Du gerade erst anf\u00e4ngst oder schon ein Fitness-Profi bist, mein Training wird Dir helfen, Dein Fitnessziel zu erreichen!<\/span><\/p>\n<p>&nbsp;<\/p>\n<h1 style=\"text-align: left;\"><span style=\"color: #ff0000;\">Dieses Training ist der effektivste Weg um K\u00f6rperfett zu verbrennen!<\/span><\/h1>\n<p>&nbsp;<\/p>\n<p><strong><span style=\"font-family: 'courier new', courier; font-size: large;\">Wie versprochen, wirst Du nicht l\u00e4nger als 12 Minuten pro Training opfern m\u00fcssen und trotzdem tolle Ergebnisse bekommen.<\/span><\/strong><br \/>\n<span style=\"font-family: 'courier new', courier; font-size: large;\"><div style=\"width:100%;margin:0px auto;\"><\/span><\/p>\n<ul class=\"black_arrow_list\">\n<li><span style=\"font-size: large; font-family: 'courier new', courier;\">Willst Du ein abwechslungsreiches, effektives Training?<\/span><\/li>\n<li><span style=\"font-size: large; font-family: 'courier new', courier;\">Willst Du einen fitten K\u00f6rper, auf den Du stolz sein kannst?<\/span><\/li>\n<\/ul>\n<p><\/div><img decoding=\"async\" class=\"aligncenter\" src=\"http:\/\/www.poundattack.de\/bodytransformation\/wp-content\/uploads\/2013\/04\/shwarrws2.png\" alt=\"\"><\/p>\n<p style=\"text-align: center;\"><span style=\"font-family: 'courier new', courier; font-size: large;\"><br \/>\nDann warte nicht l\u00e4nger und lass uns zusammen schwitzen!<\/span><\/p>\n<p>&nbsp;<\/p>\n<h3 align=\"center\"><img decoding=\"async\" title=\"Body Transformer Workouts\" src=\"http:\/\/www.poundattack.de\/bodytransformation\/wp-content\/uploads\/2012\/12\/Body_Transformer_Titel.jpg\" alt=\"Body Transformer Workouts\" width=\"476\" height=\"674\"><\/h3>\n<p><span style=\"font-family: 'courier new', courier; font-size: large;\">&nbsp;<\/span><\/p>\n<p><center><img decoding=\"async\" src=\"http:\/\/www.poundattack.de\/bodytransformation\/wp-content\/uploads\/2013\/04\/shwarrws2.png\" alt=\"\"><\/center>&nbsp;<br \/>\n<center><\/p>\n<div style=\"padding:0px 0px 0px 0px; width:70%;\">\n<h3 align=\"center\"><strong>Ja, ich m\u00f6chte jetzt f\u00fcr nur einmalig <span style=\"color: #ff0000;\">EUR 67,-<\/span> den LEBENSLANGEN Zugang \u201eBody Transformer Workouts\u201c dazu bestellen!<\/strong><\/h3>\n<\/div>\n<p><\/center><br \/>\n<center><a href=\"http:\/\/www.digistore24.com\/answer\/yes\/\" target=\"_blank\" rel=\"noopener\"><img decoding=\"async\" title=\"Jetzt f\u00fcr nur 67,- Euro dazu bestellen\" alt=\"\" src=\"http:\/\/poundattack.de\/body-transformer-workouts\/wp-content\/uploads\/2014\/02\/addtocart-style2.png\"><\/a><\/center>&nbsp;<\/p>\n<p style=\"text-align: left;\"><span style=\"text-decoration: underline;\"><span style=\"color: #000000; text-decoration: underline;\"><a href=\"http:\/\/www.digistore24.com\/answer\/no\/\"><span style=\"color: #000000; text-decoration: underline;\">Nein Danke, die 12 Minuten Workouts f\u00fcr einen sch\u00f6n geformten K\u00f6rper sind mir zuviel. Ich m\u00f6chte auf das einmalige Angebot verzichten \u2013 auch wenn ich wei\u00df, dass es die optimale Erg\u00e4nzung zum Intermittent-Fasting ist und ich nur jetzt die Gelegenheit zu diesem Angebot habe.<\/span><\/a><\/span><\/span><\/p>\n<p><span style=\"font-size: large; font-family: 'courier new', courier;\">* Du gehst kein Risiko ein. Dieses Angebot ist kein Abo!<br \/>\nDu erh\u00e4ltst sofort LEBENSLANGEN Zugang zum Online Mitgliederbereich!<\/span><br \/>\n&nbsp;<br \/>\n<div id=\"guaranteebox1\"><div id=\"guaranteeboximage\"><\/div><h3>30 Tage Geld zur\u00fcck Garantie<\/h3><\/p>\n<p>Falls Dir die Body Transformer Workouts nicht gefallen, so schreibe mir einfach eine E-Mail und Du erh\u00e4lst den Kaufpreis erstattet!<\/p>\n<p>So kannst du in Ruhe die Workouts testen und schauen ob du davon profitierst.<\/p>\n<p><strong>Liebe Gr\u00fc\u00dfe,<\/strong> Karla Hettesheimer<\/div><br \/>\n&nbsp;<br \/>\n<span style=\"font-size: large; font-family: 'courier new', courier;\"><strong>Bist Du bereit, mit wenig Aufwand und viel Spa\u00df topfit zu werden? Dann starte noch heute mit den effektiven Body Transformer Workouts &#8211; das perfekte Fitnesstraining!<\/strong><\/span><br \/>\n&nbsp;<br \/>\n<span style=\"font-family: 'courier new', courier; font-size: large;\">Alles Liebe,<\/span><br \/>\n<span style=\"font-family: 'courier new', courier; font-size: large;\">Deine Karla<\/span><\/p>\n<p>&nbsp;<\/p>\n<p>PS: <span style=\"font-family: 'courier new', courier; font-size: large;\">Wenn Du diese Workouts ernsthaft durchf\u00fchrst, dann wirst Du Deinen K\u00f6rper schon bald nicht mehr wieder erkennen!<\/span><\/p>\n<\/div>\n<script type=\"text\/javascript\">digistore_wpPromoPixel( 'aff', 'cam', \"http:\/\/www.digistore24.com\/track\/DIGISTORE24ID\/11923\/CAMPAIGNKEY\" )<\/script>","protected":false},"excerpt":{"rendered":"<p>Steigere deinen Erfolg (limitiertes Sonderangebot #2)! Ja, ich m\u00f6chte jetzt f\u00fcr nur einmalig EUR 67,- den LEBENSLANGEN Zugang \u201eBody Transformer Workouts\u201c dazu bestellen! &nbsp;&nbsp; Nein Danke, die 12 Minuten Workouts f\u00fcr einen sch\u00f6n geformten K\u00f6rper sind mir zuviel. Ich m\u00f6chte auf das einmalige Angebot verzichten \u2013 auch wenn ich wei\u00df, dass es die optimale Erg\u00e4nzung [&hellip;]<\/p>\n","protected":false},"author":1,"featured_media":0,"parent":0,"menu_order":0,"comment_status":"open","ping_status":"open","template":"launch_001d.php","meta":{"_links_to":"","_links_to_target":""},"acf":[],"_links":{"self":[{"href":"https:\/\/poundattack.de\/bikinifigurcoaching\/wp-json\/wp\/v2\/pages\/6257"}],"collection":[{"href":"https:\/\/poundattack.de\/bikinifigurcoaching\/wp-json\/wp\/v2\/pages"}],"about":[{"href":"https:\/\/poundattack.de\/bikinifigurcoaching\/wp-json\/wp\/v2\/types\/page"}],"author":[{"embeddable":true,"href":"https:\/\/poundattack.de\/bikinifigurcoaching\/wp-json\/wp\/v2\/users\/1"}],"replies":[{"embeddable":true,"href":"https:\/\/poundattack.de\/bikinifigurcoaching\/wp-json\/wp\/v2\/comments?post=6257"}],"version-history":[{"count":0,"href":"https:\/\/poundattack.de\/bikinifigurcoaching\/wp-json\/wp\/v2\/pages\/6257\/revisions"}],"wp:attachment":[{"href":"https:\/\/poundattack.de\/bikinifigurcoaching\/wp-json\/wp\/v2\/media?parent=6257"}],"curies":[{"name":"wp","href":"https:\/\/api.w.org\/{rel}","templated":true}]}}