{"id":6432,"date":"2019-12-27T13:55:23","date_gmt":"2019-12-27T11:55:23","guid":{"rendered":"http:\/\/poundattack.de\/bikinifigurcoaching\/adventskalender-2019-tuerchen2\/"},"modified":"2019-12-29T22:52:06","modified_gmt":"2019-12-29T20:52:06","slug":"adventskalender-2019-tuerchen2","status":"publish","type":"page","link":"https:\/\/poundattack.de\/bikinifigurcoaching\/adventskalender-2019-tuerchen2\/","title":{"rendered":"Adventskalender 2019 &#8211; T\u00fcrchen 2: S\u00fc\u00dfkartoffel Suppe"},"content":{"rendered":"<p>&nbsp;<\/p>\n<div id=\"le_body_row_2_col_1_el_4\" class=\"element-container cf\" data-style=\"\">\n<div id=\"le_body_row_2_col_1_el_4\" class=\"element-container cf\" data-style=\"\"><\/div>\n<div id=\"le_body_row_2_col_1_el_5\" class=\"element-container cf\" data-style=\"\">\n<div class=\"element\">\n<div class=\"video-plugin-new not-flowplayer\">\n<div><iframe src=\"https:\/\/player.vimeo.com\/video\/376009588\" width=\"640\" height=\"360\" frameborder=\"0\" allowfullscreen=\"allowfullscreen\"><\/iframe><\/div>\n<\/div>\n<\/div>\n<\/div>\n<p><\/p>\n<div id=\"le_body_row_2_col_1_el_6\" class=\"element-container cf\" data-style=\"\">\n<div class=\"element\"><a href=\"http:\/\/poundattack.de\/1\/wp-content\/uploads\/2019\/12\/Rezept-Marokkanische-Su\u0308\u00dfkartoffelsuppe-Tag2.pdf\" target=\"_blank\"><img decoding=\"async\" class=\"thumb\" src=\"http:\/\/poundattack.de\/1\/wp-content\/themes\/optimizePressTheme\/lib\/assets\/images\/file_download\/icons\/style2-thumb-dl-pdf.png\" alt=\"\u00a0\" width=\"64 \" height=\"64\" \/><\/a>\u00a0<a href=\"http:\/\/poundattack.de\/1\/wp-content\/uploads\/2019\/12\/Rezept-Marokkanische-Su\u0308\u00dfkartoffelsuppe-Tag2.pdf\" target=\"_blank\">\u00a0<\/a><strong>S\u00fc\u00dfkartoffel Suppe (Download)<\/strong><\/div>\n<\/div>\n<\/div>\n<script type=\"text\/javascript\">digistore_wpPromoPixel( 'aff', 'cam', \"http:\/\/www.digistore24.com\/track\/DIGISTORE24ID\/11923\/CAMPAIGNKEY\" )<\/script>","protected":false},"excerpt":{"rendered":"<p>&nbsp; \u00a0\u00a0S\u00fc\u00dfkartoffel Suppe (Download)<\/p>\n","protected":false},"author":1,"featured_media":0,"parent":0,"menu_order":10,"comment_status":"open","ping_status":"open","template":"members-style1-moduleUS.php","meta":{"_links_to":"","_links_to_target":""},"acf":[],"_links":{"self":[{"href":"https:\/\/poundattack.de\/bikinifigurcoaching\/wp-json\/wp\/v2\/pages\/6432"}],"collection":[{"href":"https:\/\/poundattack.de\/bikinifigurcoaching\/wp-json\/wp\/v2\/pages"}],"about":[{"href":"https:\/\/poundattack.de\/bikinifigurcoaching\/wp-json\/wp\/v2\/types\/page"}],"author":[{"embeddable":true,"href":"https:\/\/poundattack.de\/bikinifigurcoaching\/wp-json\/wp\/v2\/users\/1"}],"replies":[{"embeddable":true,"href":"https:\/\/poundattack.de\/bikinifigurcoaching\/wp-json\/wp\/v2\/comments?post=6432"}],"version-history":[{"count":0,"href":"https:\/\/poundattack.de\/bikinifigurcoaching\/wp-json\/wp\/v2\/pages\/6432\/revisions"}],"wp:attachment":[{"href":"https:\/\/poundattack.de\/bikinifigurcoaching\/wp-json\/wp\/v2\/media?parent=6432"}],"curies":[{"name":"wp","href":"https:\/\/api.w.org\/{rel}","templated":true}]}}