{"id":6435,"date":"2019-12-27T13:55:27","date_gmt":"2019-12-27T11:55:27","guid":{"rendered":"http:\/\/poundattack.de\/bikinifigurcoaching\/adventskalender-2019-tuerchen11\/"},"modified":"2019-12-29T22:22:41","modified_gmt":"2019-12-29T20:22:41","slug":"adventskalender-2019-tuerchen11","status":"publish","type":"page","link":"https:\/\/poundattack.de\/bikinifigurcoaching\/adventskalender-2019-tuerchen11\/","title":{"rendered":"Adventskalender 2019 &#8211; T\u00fcrchen 11: Ofen-S\u00fc\u00dfkartoffeln"},"content":{"rendered":"<p>&nbsp;<\/p>\n<div id=\"le_body_row_2_col_1_el_4\" class=\"element-container cf\" data-style=\"\">\n<div id=\"le_body_row_2_col_1_el_4\" class=\"element-container cf\" data-style=\"\"><\/div>\n<div id=\"le_body_row_2_col_1_el_5\" class=\"element-container cf\" data-style=\"\">\n<div class=\"element\">\n<iframe width=\"640\" height=\"90\" frameborder=\"0\" src=\"https:\/\/www.i-talk24.net\/message?id=fdea7b5aecaf2f&#038;type=embed\"><\/iframe>\n<\/div>\n<\/div>\n<p><\/p>\n<div id=\"le_body_row_2_col_1_el_6\" class=\"element-container cf\" data-style=\"\">\n<div class=\"element\"><a href=\"http:\/\/poundattack.de\/1\/wp-content\/uploads\/2019\/12\/Ofen-S\u00fc\u00dfkartoffeln-Tag-11.pdf\" target=\"_blank\"><img decoding=\"async\" class=\"thumb\" src=\"http:\/\/poundattack.de\/1\/wp-content\/themes\/optimizePressTheme\/lib\/assets\/images\/file_download\/icons\/style2-thumb-dl-pdf.png\" alt=\"\u00a0\" width=\"64 \" height=\"64\" \/><\/a>\u00a0<a href=\"http:\/\/poundattack.de\/1\/wp-content\/uploads\/2019\/12\/Ofen-S\u00fc\u00dfkartoffeln-Tag-11.pdf\" target=\"_blank\">\u00a0<\/a><strong>S\u00fc\u00dfkartoffeln aus dem Ofen (Download)<\/strong><\/div>\n<\/div>\n<\/div>\n<script type=\"text\/javascript\">digistore_wpPromoPixel( 'aff', 'cam', \"http:\/\/www.digistore24.com\/track\/DIGISTORE24ID\/11923\/CAMPAIGNKEY\" )<\/script>","protected":false},"excerpt":{"rendered":"<p>&nbsp; \u00a0\u00a0S\u00fc\u00dfkartoffeln aus dem Ofen (Download)<\/p>\n","protected":false},"author":1,"featured_media":0,"parent":0,"menu_order":10,"comment_status":"open","ping_status":"open","template":"members-style1-moduleUS.php","meta":{"_links_to":"","_links_to_target":""},"acf":[],"_links":{"self":[{"href":"https:\/\/poundattack.de\/bikinifigurcoaching\/wp-json\/wp\/v2\/pages\/6435"}],"collection":[{"href":"https:\/\/poundattack.de\/bikinifigurcoaching\/wp-json\/wp\/v2\/pages"}],"about":[{"href":"https:\/\/poundattack.de\/bikinifigurcoaching\/wp-json\/wp\/v2\/types\/page"}],"author":[{"embeddable":true,"href":"https:\/\/poundattack.de\/bikinifigurcoaching\/wp-json\/wp\/v2\/users\/1"}],"replies":[{"embeddable":true,"href":"https:\/\/poundattack.de\/bikinifigurcoaching\/wp-json\/wp\/v2\/comments?post=6435"}],"version-history":[{"count":0,"href":"https:\/\/poundattack.de\/bikinifigurcoaching\/wp-json\/wp\/v2\/pages\/6435\/revisions"}],"wp:attachment":[{"href":"https:\/\/poundattack.de\/bikinifigurcoaching\/wp-json\/wp\/v2\/media?parent=6435"}],"curies":[{"name":"wp","href":"https:\/\/api.w.org\/{rel}","templated":true}]}}