{"id":6615,"date":"2020-12-18T01:00:43","date_gmt":"2020-12-17T23:00:43","guid":{"rendered":"http:\/\/poundattack.de\/bikinifigurcoaching\/motivation-3\/"},"modified":"2020-12-18T01:09:11","modified_gmt":"2020-12-17T23:09:11","slug":"yin-yoga","status":"publish","type":"page","link":"https:\/\/poundattack.de\/bikinifigurcoaching\/yin-yoga\/","title":{"rendered":"Yin Yoga"},"content":{"rendered":"<p>Hallo liebe Teilnehmerin,<\/p>\n<p style=\"text-align: left;\">ich habe die Erfahrung gemacht, dass vor allem die Motivation<br \/>\neine entscheidende Rolle spielt, wenn es darum geht, Deine Ziele<br \/>\nzu erreichen.<\/p>\n<p style=\"text-align: left;\">Deshalb m\u00f6chte ich Dir auch auf diesem Gebiet soviel Unterst\u00fctzung<br \/>\ngeben, wie ich nur irgendwie kann.<\/p>\n<p style=\"text-align: left;\"><strong>Dazu sind 3 Punkte ganz wichtig:<br \/><\/strong><br \/>\n1) <a href=\"http:\/\/poundattack.de\/bikinifigurcoaching\/motivation\/praktische-uebungen-mindset-erfolg\/\">Schau dir bitte die Videos &#8222;\u00dcbungen f\u00fcr maximalen Erfolg&#8220; an.<\/a><br \/>\nDiese Videos werden dir nach und nach freigeschaltet und sind<br \/>\nenorm wertvoll. Bitte schau sie dir an und mache die \u00dcbungen,<br \/>\ndie mit den einzelnen Lektionen zusammenh\u00e4ngen.<\/p>\n<p style=\"text-align: left;\">2) Ich wei\u00df, dass es Dir helfen wird, wenn Du Deine Erfolge und<br \/>\nHandlungen schriftlich festh\u00e4ltst. Ich wei\u00df aber auch, dass das<br \/>\nviel Aufwand ist und deshalb schnell wieder untergeht.<\/p>\n<p>Ich m\u00f6chte es Dir so leicht, wie m\u00f6glich machen.<br \/>\n<a href=\"http:\/\/poundattack.de\/bikinifigurcoaching\/motivation\/das-bikinifigur-coaching-dreieck\/\">Aus diesem Grund findest Du hier eine wichtige PDF<\/a>,<br \/>\ndie Du Dir bitte (am besten mehrfach) ausdruckst. <\/p>\n<p>Du findest sie links unter &#8222;Bikinifigur Dreieck&#8220;.<br \/>\nDort findest Du auch eine genaue Beschreibung.<\/p>\n<p>3) Ich habe dir zu verschiedenen Themen &#8222;<a href=\"http:\/\/poundattack.de\/bikinifigurcoaching\/motivation\/motivation-audios\/\">Motivations-Audios<\/a>&#8220;<br \/>\naufgenommen. Du findest sie link in der entsprechenden Rubrik.<\/p>\n<p>Alles Liebe,<br \/>\nDeine Karla<\/p>\n<p><img decoding=\"async\" src=\"http:\/\/www.poundattack.de\/speckwegkueche\/wp-content\/uploads\/2013\/10\/IMG_4669-karla-2-e1382368071741.jpg\" alt=\"\" \/><\/p>\n<script type=\"text\/javascript\">digistore_wpPromoPixel( 'aff', 'cam', \"http:\/\/www.digistore24.com\/track\/DIGISTORE24ID\/11923\/CAMPAIGNKEY\" )<\/script>","protected":false},"excerpt":{"rendered":"<p>Hallo liebe Teilnehmerin, ich habe die Erfahrung gemacht, dass vor allem die Motivation eine entscheidende Rolle spielt, wenn es darum geht, Deine Ziele zu erreichen. Deshalb m\u00f6chte ich Dir auch auf diesem Gebiet soviel Unterst\u00fctzung geben, wie ich nur irgendwie kann. Dazu sind 3 Punkte ganz wichtig: 1) Schau dir bitte die Videos &#8222;\u00dcbungen f\u00fcr [&hellip;]<\/p>\n","protected":false},"author":1,"featured_media":0,"parent":0,"menu_order":0,"comment_status":"closed","ping_status":"closed","template":"members-style1-contentUS.php","meta":{"_links_to":"","_links_to_target":""},"acf":[],"_links":{"self":[{"href":"https:\/\/poundattack.de\/bikinifigurcoaching\/wp-json\/wp\/v2\/pages\/6615"}],"collection":[{"href":"https:\/\/poundattack.de\/bikinifigurcoaching\/wp-json\/wp\/v2\/pages"}],"about":[{"href":"https:\/\/poundattack.de\/bikinifigurcoaching\/wp-json\/wp\/v2\/types\/page"}],"author":[{"embeddable":true,"href":"https:\/\/poundattack.de\/bikinifigurcoaching\/wp-json\/wp\/v2\/users\/1"}],"replies":[{"embeddable":true,"href":"https:\/\/poundattack.de\/bikinifigurcoaching\/wp-json\/wp\/v2\/comments?post=6615"}],"version-history":[{"count":0,"href":"https:\/\/poundattack.de\/bikinifigurcoaching\/wp-json\/wp\/v2\/pages\/6615\/revisions"}],"wp:attachment":[{"href":"https:\/\/poundattack.de\/bikinifigurcoaching\/wp-json\/wp\/v2\/media?parent=6615"}],"curies":[{"name":"wp","href":"https:\/\/api.w.org\/{rel}","templated":true}]}}