{"id":47,"date":"2013-10-24T21:30:21","date_gmt":"2013-10-24T19:30:21","guid":{"rendered":"http:\/\/poundattack.de\/body-transformer-workouts\/?page_id=47"},"modified":"2016-04-12T13:02:58","modified_gmt":"2016-04-12T11:02:58","slug":"impressum","status":"publish","type":"page","link":"https:\/\/poundattack.de\/body-transformer-workouts\/impressum\/","title":{"rendered":"Impressum"},"content":{"rendered":"<p>Impressum<\/p>\n<p>Angaben gem\u00e4\u00df \u00a7 5 TMG:<\/p>\n<p>Karla Hettesheimer<br \/>\nTheodor-Heuss-Str.17<br \/>\n53562 St. Katharinen<\/p>\n<p>Kontakt:<\/p>\n<p>Telefon: 02645\/971443<br \/>\nTelefax:<br \/>\nE-Mail: support@poundattack.de<\/p>\n<p>Customizing: Webdesign M\u00fcnchen<\/p>\n<p>SEO: SEO M\u00fcnchen<\/p>\n<p>Quelle: Impressumgenerator des Anwaltes S\u00f6ren Siebert<\/p>\n<p>Haftungsausschluss:<\/p>\n<p>Haftung f\u00fcr Inhalte<\/p>\n<p>Die Inhalte unserer Seiten wurden mit gr\u00f6\u00dfter Sorgfalt erstellt.<br \/>\nF\u00fcr die Richtigkeit, Vollst\u00e4ndigkeit und Aktualit\u00e4t der Inhalte<br \/>\nk\u00f6nnen wir jedoch keine Gew\u00e4hr \u00fcbernehmen. Als Diensteanbieter sind wir gem\u00e4\u00df \u00a7 7 Abs.1 TMG f\u00fcr<br \/>\neigene Inhalte auf diesen Seiten nach den allgemeinen Gesetzen verantwortlich.<br \/>\nNach \u00a7\u00a7 8 bis 10 TMG sind wir als Diensteanbieter jedoch nicht<br \/>\nverpflichtet, \u00fcbermittelte oder gespeicherte fremde Informationen zu<br \/>\n\u00fcberwachen oder nach Umst\u00e4nden zu forschen, die auf eine rechtswidrige<br \/>\nT\u00e4tigkeit hinweisen. Verpflichtungen zur Entfernung oder Sperrung der<br \/>\nNutzung von Informationen nach den allgemeinen Gesetzen bleiben hiervon<br \/>\nunber\u00fchrt. Eine diesbez\u00fcgliche Haftung ist jedoch erst ab dem<br \/>\nZeitpunkt der Kenntnis einer konkreten Rechtsverletzung m\u00f6glich. Bei<br \/>\nBekanntwerden von entsprechenden Rechtsverletzungen werden wir diese Inhalte<br \/>\numgehend entfernen.<\/p>\n<p>Haftung f\u00fcr Links<\/p>\n<p>Unser Angebot enth\u00e4lt Links zu externen Webseiten Dritter, auf deren<br \/>\nInhalte wir keinen Einfluss haben. Deshalb k\u00f6nnen wir f\u00fcr diese<br \/>\nfremden Inhalte auch keine Gew\u00e4hr \u00fcbernehmen. F\u00fcr die Inhalte<br \/>\nder verlinkten Seiten ist stets der jeweilige Anbieter oder Betreiber der<br \/>\nSeiten verantwortlich. Die verlinkten Seiten wurden zum Zeitpunkt der Verlinkung<br \/>\nauf m\u00f6gliche Rechtsverst\u00f6\u00dfe \u00fcberpr\u00fcft. Rechtswidrige<br \/>\nInhalte waren zum Zeitpunkt der Verlinkung nicht erkennbar. Eine permanente<br \/>\ninhaltliche Kontrolle der verlinkten Seiten ist jedoch ohne konkrete Anhaltspunkte<br \/>\neiner Rechtsverletzung nicht zumutbar. Bei Bekanntwerden von Rechtsverletzungen<br \/>\nwerden wir derartige Links umgehend entfernen.<\/p>\n<p>Urheberrecht<\/p>\n<p>Die durch die Seitenbetreiber erstellten Inhalte und Werke auf diesen Seiten<br \/>\nunterliegen dem deutschen Urheberrecht. Die Vervielf\u00e4ltigung, Bearbeitung, Verbreitung und<br \/>\njede Art der Verwertung au\u00dferhalb der Grenzen des Urheberrechtes bed\u00fcrfen<br \/>\nder schriftlichen Zustimmung des jeweiligen Autors bzw. Erstellers. Downloads<br \/>\nund Kopien dieser Seite sind nur f\u00fcr den privaten, nicht kommerziellen<br \/>\nGebrauch gestattet. Soweit die Inhalte auf dieser Seite nicht vom Betreiber erstellt wurden,<br \/>\nwerden die Urheberrechte Dritter beachtet. Insbesondere werden Inhalte Dritter als solche<br \/>\ngekennzeichnet. Sollten Sie trotzdem auf eine Urheberrechtsverletzung aufmerksam werden, bitten wir um einen entsprechenden Hinweis.<br \/>\nBei Bekanntwerden von Rechtsverletzungen werden wir derartige Inhalte umgehend entfernen.<\/p>\n<p>Datenschutz<\/p>\n<p>Die Nutzung unserer Webseite ist in der Regel ohne Angabe personenbezogener Daten m\u00f6glich. Soweit auf unseren Seiten personenbezogene Daten (beispielsweise Name,<br \/>\nAnschrift oder eMail-Adressen) erhoben werden, erfolgt dies, soweit m\u00f6glich, stets auf freiwilliger Basis. Diese Daten werden ohne Ihre ausdr\u00fcckliche Zustimmung nicht an Dritte weitergegeben.<\/p>\n<p>Wir weisen darauf hin, dass die Daten\u00fcbertragung im Internet (z.B.<br \/>\nbei der Kommunikation per E-Mail) Sicherheitsl\u00fccken aufweisen kann.<br \/>\nEin l\u00fcckenloser Schutz der Daten vor dem Zugriff durch Dritte ist nicht<br \/>\nm\u00f6glich.<\/p>\n<p>Der Nutzung von im Rahmen der Impressumspflicht ver\u00f6ffentlichten Kontaktdaten<br \/>\ndurch Dritte zur \u00dcbersendung von nicht ausdr\u00fccklich angeforderter<br \/>\nWerbung und Informationsmaterialien wird hiermit ausdr\u00fccklich widersprochen.<br \/>\nDie Betreiber der Seiten behalten sich ausdr\u00fccklich rechtliche Schritte<br \/>\nim Falle der unverlangten Zusendung von Werbeinformationen, etwa durch Spam-Mails,<br \/>\nvor.<\/p>\n<p>Datenschutzerkl\u00e4rung f\u00fcr die Nutzung von Facebook-Plugins<br \/>\n(Like-Button)<\/p>\n<p>Auf unseren Seiten sind Plugins des sozialen Netzwerks Facebook,<br \/>\n1601 South California Avenue, Palo Alto, CA 94304, USA integriert.<br \/>\nDie Facebook-Plugins erkennen Sie an dem Facebook-Logo oder<br \/>\ndem &#8222;Like-Button&#8220; (&#8222;Gef\u00e4llt mir&#8220;) auf unserer Seite. Eine \u00dcbersicht<br \/>\n\u00fcber die Facebook-Plugins finden Sie hier:<br \/>\ntarget=&#8220;_blank&#8220;&gt;http:\/\/developers.facebook.com\/docs\/plugins\/.<br \/>\nWenn Sie unsere Seiten<br \/>\nbesuchen, wird \u00fcber das Plugin eine direkte Verbindung zwischen Ihrem<br \/>\nBrowser und dem Facebook-Server hergestellt. Facebook erh\u00e4lt dadurch<br \/>\ndie Information, dass Sie mit Ihrer IP-Adresse unsere Seite<br \/>\nbesucht haben. Wenn Sie den Facebook &#8222;Like-Button&#8220; anklicken w\u00e4hrend<br \/>\nSie in Ihrem Facebook-Account eingeloggt sind, k\u00f6nnen Sie die Inhalte<br \/>\nunserer Seiten auf Ihrem Facebook-Profil verlinken. Dadurch kann<br \/>\nFacebook den Besuch unserer Seiten Ihrem Benutzerkonto zuordnen. Wir<br \/>\nweisen darauf hin, dass wir als Anbieter der Seiten keine Kenntnis vom<br \/>\nInhalt der \u00fcbermittelten Daten sowie deren Nutzung durch Facebook<br \/>\nerhalten. Weitere Informationen hierzu finden Sie in der<br \/>\nDatenschutzerkl\u00e4rung von facebook unter<\/p>\n<p>http:\/\/de-de.facebook.com\/policy.php<\/p>\n<p>Wenn Sie nicht w\u00fcnschen, dass Facebook den Besuch unserer Seiten Ihrem<br \/>\nFacebook-Nutzerkonto zuordnen kann, loggen Sie sich bitte aus Ihrem<br \/>\nFacebook-Benutzerkonto aus.<\/p>\n<p>Datenschutzerkl\u00e4rung f\u00fcr die Nutzung von Twitter<\/p>\n<p>Auf unseren Seiten sind Funktionen des Dienstes Twitter eingebunden.<br \/>\nDiese Funktionen werden angeboten durch die Twitter Inc., 795<br \/>\nFolsom St., Suite 600, San Francisco, CA 94107, USA. Durch das Benutzen<br \/>\nvon Twitter und der Funktion &#8222;Re-Tweet&#8220; werden die von Ihnen<br \/>\nbesuchten Webseiten mit Ihrem Twitter-Account verkn\u00fcpft und anderen<br \/>\nNutzern bekannt gegeben. Dabei werden auch Daten an Twitter \u00fcbertragen.<\/p>\n<p>Wir weisen darauf hin, dass wir als Anbieter der Seiten keine<br \/>\nKenntnis vom Inhalt der \u00fcbermittelten Daten sowie deren Nutzung durch<br \/>\nTwitter erhalten. Weitere Informationen hierzu finden Sie in der<br \/>\nDatenschutzerkl\u00e4rung von Twitter unter<br \/>\nhttp:\/\/twitter.com\/privacy.<\/p>\n<p>Ihre Datenschutzeinstellungen bei Twitter k\u00f6nnen Sie in den<br \/>\nKonto-Einstellungen unter<br \/>\nhttp:\/\/twitter.com\/account\/settings \u00e4ndern.<\/p>\n<p>Quellverweis: eRecht24 Disclaimer, Facebook Disclaimer von eRecht24, Datenschutzerkl\u00e4rung Twitter<\/p>\n","protected":false},"excerpt":{"rendered":"<p>Impressum Angaben gem\u00e4\u00df \u00a7 5 TMG: Karla Hettesheimer Theodor-Heuss-Str.17 53562 St. Katharinen Kontakt: Telefon: 02645\/971443 Telefax: E-Mail: support@poundattack.de Customizing: Webdesign M\u00fcnchen SEO: SEO M\u00fcnchen Quelle: Impressumgenerator des Anwaltes S\u00f6ren Siebert Haftungsausschluss: Haftung f\u00fcr Inhalte Die Inhalte unserer Seiten wurden mit gr\u00f6\u00dfter Sorgfalt erstellt. F\u00fcr die Richtigkeit, Vollst\u00e4ndigkeit und Aktualit\u00e4t der Inhalte k\u00f6nnen wir jedoch keine [&hellip;]<\/p>\n","protected":false},"author":1,"featured_media":0,"parent":0,"menu_order":0,"comment_status":"open","ping_status":"open","template":"","meta":{"_links_to":"","_links_to_target":""},"acf":[],"_links":{"self":[{"href":"https:\/\/poundattack.de\/body-transformer-workouts\/wp-json\/wp\/v2\/pages\/47"}],"collection":[{"href":"https:\/\/poundattack.de\/body-transformer-workouts\/wp-json\/wp\/v2\/pages"}],"about":[{"href":"https:\/\/poundattack.de\/body-transformer-workouts\/wp-json\/wp\/v2\/types\/page"}],"author":[{"embeddable":true,"href":"https:\/\/poundattack.de\/body-transformer-workouts\/wp-json\/wp\/v2\/users\/1"}],"replies":[{"embeddable":true,"href":"https:\/\/poundattack.de\/body-transformer-workouts\/wp-json\/wp\/v2\/comments?post=47"}],"version-history":[{"count":0,"href":"https:\/\/poundattack.de\/body-transformer-workouts\/wp-json\/wp\/v2\/pages\/47\/revisions"}],"wp:attachment":[{"href":"https:\/\/poundattack.de\/body-transformer-workouts\/wp-json\/wp\/v2\/media?parent=47"}],"curies":[{"name":"wp","href":"https:\/\/api.w.org\/{rel}","templated":true}]}}