{"id":500,"date":"2017-06-06T12:07:35","date_gmt":"2017-06-06T10:07:35","guid":{"rendered":"http:\/\/poundattack.de\/karlas-rueckenschule\/"},"modified":"2019-03-15T15:51:41","modified_gmt":"2019-03-15T14:51:41","slug":"jetzt-starten-hintertuer","status":"publish","type":"page","link":"https:\/\/poundattack.de\/karlas-rueckenschule\/jetzt-starten-hintertuer\/","title":{"rendered":"Karlas R\u00fcckenschule &#8211; Jetzt starten | Hintert\u00fcr ;)"},"content":{"rendered":"<p><center><iframe loading=\"lazy\" src=\"https:\/\/player.vimeo.com\/video\/153901222?autoplay=1\" width=\"640\" height=\"360\" frameborder=\"0\" webkitallowfullscreen mozallowfullscreen allowfullscreen><\/iframe><\/center><br \/>\n<center>&#8211; Sichere dir jetzt deinen Mitglieder-Zugang! &#8211;<br \/><\/center><br \/>\n<center><img decoding=\"async\" alt=\"\" src=\"http:\/\/www.poundattack.de\/bodytransformation\/wp-content\/uploads\/2013\/04\/shwarrws2.png\" \/><\/center><br \/><center><a href=\"https:\/\/www.digistore24.com\/product\/60977\" target=\"_blank\"><img decoding=\"async\" title=\"Jetzt f\u00fcr nur 1,- Euro nutzen\" alt=\"\" src=\"http:\/\/poundattack.de\/karlas-rueckenschule\/wp-content\/uploads\/2016\/02\/addtocart-style4.png\" \/><\/a><\/center><\/p>\n<p><center><strong><em><span style=\"color: #777777;\">Du zahlst heute nur 1,-\u20ac ! Solltest Du Karlas R\u00fcckenschule nach 14 Tagen weiter nutzen wollen, werden 19,- Euro berechnet! Solltest Du Dich innerhalb der 14 Tage entscheiden, Karlas R\u00fcckenschule nicht weiter nutzen zu wollen, <br \/>reicht eine kurze E-Mail an mich und es fallen keine weiteren Kosten an! Alle Preise verstehen sich inkl. 19% Mwst.!<\/span><\/em><br \/>\n<\/strong><\/center><center><\/center><\/p>\n<p><center>* Du gehst kein Risiko ein. Das Abo ist jederzeit k\u00fcndbar. <br \/>Ich biete sogar eine 30-Tage Geld-zur\u00fcck Garantie an! <br \/>\nDu erh\u00e4ltst sofort Zugang zum Online Mitgliederbereich!<\/center><\/p>\n<p><img decoding=\"async\" class=\"aligncenter\" alt=\"\" src=\"http:\/\/www.poundattack.de\/bodytransformation\/wp-content\/uploads\/2013\/04\/Pfeile-unten.png\" \/><\/p>\n<div id=\"guaranteebox1\"><div id=\"guaranteeboximage\"><\/div><h3>30 Tage 100% Geld zur\u00fcck Garantie<\/h3>\n<p>Sollte dir meine R\u00fcckenschule nicht helfen oder nicht gefallen, so biete ich Dir in den ersten 30 Tagen eine vollst\u00e4ndige Geld-zur\u00fcck-Garantie an.<\/p>\n<p>So kannst du in Ruhe das Programm testen und schauen ob du davon profitierst.<\/p>\n<p><strong>Liebe Gr\u00fc\u00dfe,<\/strong> Karla Hettesheimer<\/div><br \/>\n&nbsp;<br \/>\n&nbsp;<br \/>\n<div class=\"textbar_3\" style=\"background-color:#F0F0F0;width:100%\">Du bekommst:<\/div><br \/>\n&nbsp;<br \/>\n&nbsp;<\/p>\n<h3 align=\"center\"><a href=\"https:\/\/www.digistore24.com\/product\/60977\" target=\"_blank\"><img decoding=\"async\" class=\"aligncenter size-full wp-image-297\" title=\"Bikinifigur Coaching\" alt=\"\" src=\"http:\/\/poundattack.de\/karlas-rueckenschule\/wp-content\/uploads\/2016\/02\/Cover_Rueckenschule_virtuell2.png\" width=\"500\"\/><\/a><\/h3>\n<p>&nbsp;<br \/>\n&nbsp;<br \/>\n<div class=\"features-box-grey\" style=\"width:75%;border-width:2px!important;\"><div style=\"width:100%;margin:0px auto;\">\n<ul class=\"black_arrow_list\">\n<li>Training speziell auf deinen R\u00fccken abgestimmt<\/li>\n<li>Alle Videos in Echtzeit zum Mitmachen<\/li>\n<li>Alle 3 Tage eine neue Lektion zu den verschiedenen Themen: Kr\u00e4ftigung, Stretching und Beschwerdelinderung<\/li>\n<li>Kr\u00e4ftigung  der schwachen Muskeln um deinen R\u00fccken st\u00e4rker zu machen und gegen Schmerzen zu wappnen<\/li>\n<li>Steigerung der Mobilisation und  Beweglichkeit<\/li>\n<li>L\u00f6sung typischer Verspannungen<\/li>\n<li>Mehr Flexibilit\u00e4t durch separate Stretchingvideos<\/li>\n<li>Kurze, effektive Einheiten, die du perfekt in deinen Alltag einbauen kannst<\/li>\n<li>Bonusvideos mit hilfreichen Tipps und Tricks f\u00fcr den Alltag<\/li>\n<li>F\u00fchlbare Erfolge ohne viel Zeitaufwand<\/li>\n<li>Pers\u00f6nlicher Support durch mich per eMail<\/li>\n<\/ul>\n<\/div><\/div><br \/>\n&nbsp;<br \/>\n<center><img decoding=\"async\" src=\"http:\/\/poundattack.de\/karlas-rueckenschule\/wp-content\/uploads\/2016\/02\/kr\u00e4ftigung.png\" alt=\"\" \/><\/center><br \/>\n&nbsp;<br \/>\n<center><img decoding=\"async\" src=\"http:\/\/poundattack.de\/karlas-rueckenschule\/wp-content\/uploads\/2016\/02\/Beschwerdelinderung.png\" alt=\"\" \/><\/center><br \/>\n&nbsp;<br \/>\n<center><img decoding=\"async\" src=\"http:\/\/poundattack.de\/karlas-rueckenschule\/wp-content\/uploads\/2016\/02\/stretching-wellness.png\" alt=\"\" \/><\/center><br \/>\n&nbsp;<br \/>\n<center><img decoding=\"async\" src=\"http:\/\/poundattack.de\/karlas-rueckenschule\/wp-content\/uploads\/2016\/02\/bonus.png\" alt=\"\" \/><\/center><br \/>\n&nbsp;<br \/>\n&nbsp;<br \/>\n<div class=\"textbar_3\" style=\"background-color:#F0F0F0;width:100%\">Teilnehmerstimmen<\/div><\/p>\n<div style=\"padding:0px 0px 0px 175px; width:60%;\">\n&nbsp;<br \/>\n&nbsp;<br \/>\n <strong><span style=\"text-decoration: underline;\">Anja Schmidt sagt:<\/span><\/strong><\/p>\n<p><iframe loading=\"lazy\" src=\"https:\/\/player.vimeo.com\/video\/185304770\" width=\"500\" height=\"281\" frameborder=\"0\" webkitallowfullscreen mozallowfullscreen allowfullscreen><\/iframe><\/p>\n<p>&nbsp;<br \/>\n&nbsp;<br \/>\n&#8212;&#8212;&#8212;&#8212;&#8212;&#8212;&#8212;&#8212;&#8212;&#8212;&#8212;&#8212;&#8212;&#8212;&#8212;&#8212;&#8212;&#8212;&#8212;&#8212;&#8212;&#8212;&#8212;&#8212;&#8212;&#8212;&#8212;&#8212;&#8212;&#8212;&#8212;&#8212;&#8212;&#8211;<br \/>\n&nbsp;<br \/>\n&nbsp;<br \/>\n<strong><span style=\"text-decoration: underline;\">Elfi E. sagt:<\/span><\/strong><\/p>\n<p><iframe loading=\"lazy\" src=\"https:\/\/player.vimeo.com\/video\/151013487\" width=\"500\" height=\"281\" frameborder=\"0\" webkitallowfullscreen mozallowfullscreen allowfullscreen><\/iframe><br \/>\n&nbsp;<br \/>\n&nbsp;<br \/>\n&#8212;&#8212;&#8212;&#8212;&#8212;&#8212;&#8212;&#8212;&#8212;&#8212;&#8212;&#8212;&#8212;&#8212;&#8212;&#8212;&#8212;&#8212;&#8212;&#8212;&#8212;&#8212;&#8212;&#8212;&#8212;&#8212;&#8212;&#8212;&#8212;&#8212;&#8212;&#8212;&#8212;&#8211;<br \/>\n&nbsp;<br \/>\n&nbsp;<br \/>\n <strong><span style=\"text-decoration: underline;\">Iris Hoyer sagt:<\/span><\/strong><\/p>\n<p><iframe loading=\"lazy\" src=\"https:\/\/player.vimeo.com\/video\/153019221\" width=\"500\" height=\"281\" frameborder=\"0\" webkitallowfullscreen mozallowfullscreen allowfullscreen><\/iframe><\/p>\n<p>&nbsp;<br \/>\n&nbsp;<br \/>\n&#8212;&#8212;&#8212;&#8212;&#8212;&#8212;&#8212;&#8212;&#8212;&#8212;&#8212;&#8212;&#8212;&#8212;&#8212;&#8212;&#8212;&#8212;&#8212;&#8212;&#8212;&#8212;&#8212;&#8212;&#8212;&#8212;&#8212;&#8212;&#8212;&#8212;&#8212;&#8212;&#8212;&#8211;<br \/>\n&nbsp;<br \/>\n&nbsp;<br \/>\n<strong><span style=\"text-decoration: underline;\">Lara Krause sagt:<\/span><\/strong><\/p>\n<p><iframe loading=\"lazy\" src=\"https:\/\/player.vimeo.com\/video\/153355744\" width=\"500\" height=\"281\" frameborder=\"0\" webkitallowfullscreen mozallowfullscreen allowfullscreen><\/iframe><\/p>\n<p>&nbsp;<br \/>\n&nbsp;<br \/>\n&#8212;&#8212;&#8212;&#8212;&#8212;&#8212;&#8212;&#8212;&#8212;&#8212;&#8212;&#8212;&#8212;&#8212;&#8212;&#8212;&#8212;&#8212;&#8212;&#8212;&#8212;&#8212;&#8212;&#8212;&#8212;&#8212;&#8212;&#8212;&#8212;&#8212;&#8212;&#8212;&#8212;&#8211;<br \/>\n&nbsp;<br \/>\n&nbsp;<br \/>\n <strong><span style=\"text-decoration: underline;\">Monika Zwygart sagt:<\/span><\/strong><\/p>\n<p><iframe loading=\"lazy\" src=\"https:\/\/player.vimeo.com\/video\/152285822\" width=\"500\" height=\"281\" frameborder=\"0\" webkitallowfullscreen mozallowfullscreen allowfullscreen><\/iframe><\/p>\n<p>&nbsp;<br \/>\n&nbsp;<br \/>\n&#8212;&#8212;&#8212;&#8212;&#8212;&#8212;&#8212;&#8212;&#8212;&#8212;&#8212;&#8212;&#8212;&#8212;&#8212;&#8212;&#8212;&#8212;&#8212;&#8212;&#8212;&#8212;&#8212;&#8212;&#8212;&#8212;&#8212;&#8212;&#8212;&#8212;&#8212;&#8212;&#8212;&#8211;<br \/>\n&nbsp;<br \/>\n&nbsp;<br \/>\n<strong><span style=\"text-decoration: underline;\">Iris Haas sagt:<\/span><\/strong><\/p>\n<p><iframe loading=\"lazy\" src=\"https:\/\/player.vimeo.com\/video\/150367680\" width=\"500\" height=\"281\" frameborder=\"0\" webkitallowfullscreen mozallowfullscreen allowfullscreen><\/iframe><\/p>\n<p>&nbsp;<br \/>\n&nbsp;<br \/>\n&#8212;&#8212;&#8212;&#8212;&#8212;&#8212;&#8212;&#8212;&#8212;&#8212;&#8212;&#8212;&#8212;&#8212;&#8212;&#8212;&#8212;&#8212;&#8212;&#8212;&#8212;&#8212;&#8212;&#8212;&#8212;&#8212;&#8212;&#8212;&#8212;&#8212;&#8212;&#8212;&#8212;&#8211;<br \/>\n&nbsp;<br \/>\n&nbsp;<br \/>\n <strong><span style=\"text-decoration: underline;\">Rita Unterschneider sagt:<\/span><\/strong><\/p>\n<p><iframe loading=\"lazy\" src=\"https:\/\/player.vimeo.com\/video\/180328325\" width=\"500\" height=\"281\" frameborder=\"0\" webkitallowfullscreen mozallowfullscreen allowfullscreen><\/iframe><\/p>\n<p>&nbsp;<br \/>\n&nbsp;<br \/>\n&#8212;&#8212;&#8212;&#8212;&#8212;&#8212;&#8212;&#8212;&#8212;&#8212;&#8212;&#8212;&#8212;&#8212;&#8212;&#8212;&#8212;&#8212;&#8212;&#8212;&#8212;&#8212;&#8212;&#8212;&#8212;&#8212;&#8212;&#8212;&#8212;&#8212;&#8212;&#8212;&#8212;&#8211;<br \/>\n&nbsp;<br \/>\n&nbsp;<br \/>\n <strong><span style=\"text-decoration: underline;\">Larissa sagt:<\/span><\/strong><\/p>\n<p><iframe loading=\"lazy\" src=\"https:\/\/player.vimeo.com\/video\/180726562\" width=\"500\" height=\"281\" frameborder=\"0\" webkitallowfullscreen mozallowfullscreen allowfullscreen><\/iframe><\/p>\n<p>&nbsp;<br \/>\n&nbsp;\n<\/p><\/div>\n<p>&nbsp;<br \/>\n&nbsp;  <\/p>\n<div class=\"textbar_3\" style=\"background-color:#F0F0F0;width:100%\">Sichere dir jetzt Deinen Zugang:<\/div>\n<p><center><img decoding=\"async\" alt=\"\" src=\"http:\/\/www.poundattack.de\/bodytransformation\/wp-content\/uploads\/2013\/04\/shwarrws2.png\" \/><\/center><br \/><center><a href=\"https:\/\/www.digistore24.com\/product\/60977\" target=\"_blank\"><img decoding=\"async\" title=\"Jetzt f\u00fcr nur 1,- Euro nutzen\" alt=\"\" src=\"http:\/\/poundattack.de\/karlas-rueckenschule\/wp-content\/uploads\/2016\/02\/addtocart-style4.png\" \/><\/a><\/center><\/p>\n<p><center><strong><em><span style=\"color: #777777;\">Du zahlst heute nur 1,-\u20ac ! Solltest Du Karlas R\u00fcckenschule nach 14 Tagen weiter nutzen wollen, werden 19,- Euro berechnet! Solltest Du Dich innerhalb der 14 Tage entscheiden, Karlas R\u00fcckenschule nicht weiter nutzen zu wollen, <br \/>reicht eine kurze E-Mail an mich und es fallen keine weiteren Kosten an! Alle Preise verstehen sich inkl. 19% Mwst.!<\/span><\/em><br \/>\n<\/strong><\/center><center><\/center><\/p>\n<p><center>* Du gehst kein Risiko ein. Das Abo ist jederzeit k\u00fcndbar. <br \/>Ich biete sogar eine 30-Tage Geld-zur\u00fcck Garantie an! <br \/>\nDu erh\u00e4ltst sofort Zugang zum Online Mitgliederbereich!<\/center><\/p>\n<p><img decoding=\"async\" class=\"aligncenter\" alt=\"\" src=\"http:\/\/www.poundattack.de\/bodytransformation\/wp-content\/uploads\/2013\/04\/Pfeile-unten.png\" \/><\/p>\n<div id=\"guaranteebox1\"><div id=\"guaranteeboximage\"><\/div><h3>30 Tage 100% Geld zur\u00fcck Garantie<\/h3><\/p>\n<p>Sollte dir meine R\u00fcckenschule nicht helfen oder nicht gefallen, so biete ich Dir in den ersten 30 Tagen eine vollst\u00e4ndige Geld-zur\u00fcck-Garantie an.<\/p>\n<p>So kannst du in Ruhe das Programm testen und schauen ob du davon profitierst.<\/p>\n<p><strong>Liebe Gr\u00fc\u00dfe,<\/strong> Karla Hettesheimer<\/div>\n<p>LG<br \/>\nDeine Karla<\/p>\n<p><img decoding=\"async\" src=\"http:\/\/www.poundattack.de\/speckwegkueche\/wp-content\/uploads\/2013\/10\/IMG_4669-karla-2-e1382368071741.jpg\" alt=\"\" \/><br \/>\n&nbsp;<br \/>\n&nbsp;<br \/>\n<div class=\"textbar_3\" style=\"background-color:#F0F0F0;width:100%\">Fragen &#038; Antworten:<\/div><br \/>\n&nbsp;<br \/>\n&nbsp;<br \/>\n<em><span style=\"font-family: 'courier new', courier; font-size: large; background-color: #ffff99;\"><b>&#8222;F\u00fcr wen ist Karlas R\u00fcckenschule geeignet?&#8220;<\/b><\/span><\/em><\/p>\n<p><span style=\"font-family: 'courier new', courier; font-size: large;\">Mein Kurs ist f\u00fcr dich geeignet, wenn du unter R\u00fcckenbeschwerden leidest und gerne etwas dagegen tun w\u00fcrdest. Ich bin kein Arzt und mich dich daher darauf hinweisen, dass mein Programm keine medizinische Therapie ist. Allerdings kannst du mit regelm\u00e4\u00dfigem \u00dcben die meisten R\u00fcckenbeschwerden sehr oft stark verbessern und nicht selten sogar ganz loswerden!<\/span><\/p>\n<p><span style=\"font-family: 'courier new', courier; font-size: large;\">\u00a0<\/span><\/p>\n<p><em><span style=\"font-family: 'courier new', courier; font-size: large; background-color: #ffff99;\"><b>&#8222;Kann ich dein Programm ausprobieren?&#8220;<\/b><\/span><\/em><\/p>\n<p><span style=\"font-family: 'courier new', courier; font-size: large;\">Ja, du kannst meine R\u00fcckenschule 14 Tage lang f\u00fcr nur 1\u20ac testen.  So kannst du ganz in Ruhe entscheiden, ob mein Programm etwas f\u00fcr dich ist. Selbst danach biete ich dir eine 30 Tage Geld Zur\u00fcck Garantie, um dir zu zeigen, dass ich dein Geld nur m\u00f6chte, wenn dir mein Kurs auch tats\u00e4chlich hilft.<\/span><\/p>\n<p><span style=\"font-family: 'courier new', courier; font-size: large;\">\u00a0<\/span><\/p>\n<p><em><span style=\"font-family: 'courier new', courier; font-size: large; background-color: #ffff99;\"><b>&#8222;Wie viele Videos bekomme ich?&#8220;<\/b><\/span><\/em><\/p>\n<p><span style=\"font-family: 'courier new', courier; font-size: large;\">Du bekommst alle 3 Tage im Wechsel ein neues Video zu den Themen Kr\u00e4ftigung, Stretching &#038; Wellness und Beschwerdelinderung freigeschaltet. Zus\u00e4tzlich kommen Bonusvideos, in denen ich dir hilfreiche Tipps und Tricks f\u00fcr den Alltag zeige.<\/span><\/p>\n<p><span style=\"font-family: 'courier new', courier; font-size: large;\">\u00a0<\/span><\/p>\n<p><em><span style=\"font-family: 'courier new', courier; font-size: large; background-color: #ffff99;\"><b>&#8222;Bleiben die Videos freigeschaltet?&#8220;<\/b><\/span><\/em><\/p>\n<p><span style=\"font-family: 'courier new', courier; font-size: large;\">Die Videos, die einmal freigeschaltet wurden, bleiben dir erhalten, solange du Mitglied bist. Du kannst also jederzeit auch auf ein \u00e4lteres Training zur\u00fcckgreifen.<\/span><\/p>\n<p><span style=\"font-family: 'courier new', courier; font-size: large;\"><b>\u00a0<\/b><\/span><\/p>\n<p><em><span style=\"font-family: 'courier new', courier; font-size: large; background-color: #ffff99;\"><b>&#8222;Brauche ich teures Equipment, um deinen R\u00fcckenkurs zu machen?&#8220;<\/b><\/span><\/em><\/p>\n<p><span style=\"font-family: 'courier new', courier; font-size: large;\">Nein. Ich benutze in den meisten Videos gar kein Equipment. Es reichen bequeme Kleidung und eine geeignete Unterlage, wie z.B. eine Yoga- oder Fitnessmatte. F\u00fcr einige \u00dcbungen verwende ich einen Stuhl sowie ein Gymnastikband, das du kosteng\u00fcnstig in jedem Sportladen oder im Internet kaufen kannst. In einigen Bonusvideos benutze ich eine sogenannte \u201eBlackRoll\u201c zur Massage der Muskeln und Lockerung der Faszien. Da es sich dabei aber um Bonusmaterial handelt, ist dies nicht unbedingt n\u00f6tig.<\/span><\/p>\n<p><span style=\"font-family: 'courier new', courier; font-size: large;\"><b>\u00a0<\/b><\/span><\/p>\n<p><em><span style=\"font-family: 'courier new', courier; font-size: large; background-color: #ffff99;\"><b>&#8222;Mein Alltag ist sehr stressig. Brauche ich viel Zeit f\u00fcr deinen Kurs?&#8220;<\/b><\/span><\/em><\/p>\n<p><span style=\"font-family: 'courier new', courier; font-size: large;\">Nein. Auch bei diesem Kurs habe ich darauf geachtet, dass du nur ein paar Minuten investieren musst, um sp\u00fcrbare Ergebnisse zu bekommen. Die meisten Videos haben eine L\u00e4nge von 10-20 Minuten.<\/span><\/p>\n<p><span style=\"font-family: 'courier new', courier; font-size: large;\"><b>\u00a0<\/b><\/span><\/p>\n<p><em><span style=\"font-family: 'courier new', courier; font-size: large; background-color: #ffff99;\"><b>&#8222;Kann ich die Videos mit dir mitmachen?&#8220;<\/b><\/span><\/em><\/p>\n<p><span style=\"font-family: 'courier new', courier; font-size: large;\">Ja, alle Videos sind in Echtzeit abgedreht. Das hei\u00dft, dass du dir nicht selbst etwas zusammenstellen musst, sondern ganz einfach mit mir mitmachen kannst.<\/span><\/p>\n<p><span style=\"font-family: 'courier new', courier; font-size: large;\"><b>\u00a0<\/b><\/span><\/p>\n<p><em><span style=\"font-family: 'courier new', courier; font-size: large; background-color: #ffff99;\"><b>&#8222;Was passiert nach den 14 Test-Tagen?&#8220;<\/b><\/span><\/em><\/p>\n<p><span style=\"font-family: 'courier new', courier; font-size: large;\">Nach den 14 Tagen kannst du bei meinem Programm dabei bleiben und zahlst dann nur 19\u20ac pro Monat.<\/span><\/p>\n<p><span style=\"font-family: 'courier new', courier; font-size: large;\"><b>\u00a0<\/b><\/span><\/p>\n<p><em><span style=\"font-family: 'courier new', courier; font-size: large; background-color: #ffff99;\"><b>&#8222;Kann ich jederzeit k\u00fcndigen?&#8220;<\/b><\/span><\/em><\/p>\n<p><span style=\"font-family: 'courier new', courier; font-size: large;\">Ja. Es gibt keine Fallen oder Fristen. Eine einfache eMail an info@poundattack.com reicht aus.<\/span><\/p>\n<p><span style=\"font-family: 'courier new', courier; font-size: large;\">\u00a0<\/span><\/p>\n<p><em><span style=\"font-family: 'courier new', courier; font-size: large; background-color: #ffff99;\"><b>&#8222;Kann ich dich anschreiben, wenn ich Hilfe brauche?&#8220;<\/b><\/span><\/em><\/p>\n<p><span style=\"font-family: 'courier new', courier; font-size: large;\">Nat\u00fcrlich! Du findest im Mitgliederbereich ein Kontaktformular. Wenn du dieses benutzt landet dein Anliegen direkt bei mir in meinem privaten Postfach und ich werde versuchen, dir so schnell ich kann zu antworten und zu helfen.<\/span><\/p>\n<p><span style=\"font-family: 'courier new', courier; font-size: large;\">\u00a0<\/span><br \/>\n&nbsp;<br \/>\n&nbsp;<\/p>\n<hr>\n<p>&nbsp;<br \/>\n&nbsp;<br \/>\n<center><img decoding=\"async\" src=\"http:\/\/poundattack.de\/karlas-rueckenschule\/wp-content\/uploads\/2016\/02\/Cover_Rueckenschule_virtuell2.png\" alt=\"\" width=\"500\"\/><\/center><br \/>\n<center><img decoding=\"async\" alt=\"\" src=\"http:\/\/www.poundattack.de\/bodytransformation\/wp-content\/uploads\/2013\/04\/shwarrws2.png\" \/><\/center><br \/><center><a href=\"https:\/\/www.digistore24.com\/product\/60977\" target=\"_blank\"><img decoding=\"async\" title=\"Jetzt f\u00fcr nur 1,- Euro nutzen\" alt=\"\" src=\"http:\/\/poundattack.de\/karlas-rueckenschule\/wp-content\/uploads\/2016\/02\/addtocart-style4.png\" \/><\/a><\/center><\/p>\n<p><center><strong><em><span style=\"color: #777777;\">Du zahlst heute nur 1,-\u20ac ! Solltest Du Karlas R\u00fcckenschule nach 14 Tagen weiter nutzen wollen, werden 19,- Euro berechnet! Solltest Du Dich innerhalb der 14 Tage entscheiden, Karlas R\u00fcckenschule nicht weiter nutzen zu wollen, <br \/>reicht eine kurze E-Mail an mich und es fallen keine weiteren Kosten an! Alle Preise verstehen sich inkl. 19% Mwst.!<\/span><\/em><br \/>\n<\/strong><\/center><center><\/center><\/p>\n<p><center>* Du gehst kein Risiko ein. Das Abo ist jederzeit k\u00fcndbar. <br \/>Ich biete sogar eine 30-Tage Geld-zur\u00fcck Garantie an! <br \/>\nDu erh\u00e4ltst sofort Zugang zum Online Mitgliederbereich!<\/center><\/p>\n<p><img decoding=\"async\" class=\"aligncenter\" alt=\"\" src=\"http:\/\/www.poundattack.de\/bodytransformation\/wp-content\/uploads\/2013\/04\/Pfeile-unten.png\" \/><\/p>\n<div id=\"guaranteebox1\"><div id=\"guaranteeboximage\"><\/div><h3>30 Tage 100% Geld zur\u00fcck Garantie<\/h3><\/p>\n<p>Sollte dir meine R\u00fcckenschule nicht helfen oder nicht gefallen, so biete ich Dir in den ersten 30 Tagen eine vollst\u00e4ndige Geld-zur\u00fcck-Garantie an.<\/p>\n<p>So kannst du in Ruhe das Programm testen und schauen ob du davon profitierst.<\/p>\n<p><strong>Liebe Gr\u00fc\u00dfe,<\/strong> Karla Hettesheimer<\/div>\n<script type='text\/javascript' src=\"https:\/\/poundattack.de\/karlas-rueckenschule?ds24promocode=1778141972_3924\"><\/script>","protected":false},"excerpt":{"rendered":"<p>&#8211; Sichere dir jetzt deinen Mitglieder-Zugang! &#8211; Du zahlst heute nur 1,-\u20ac ! Solltest Du Karlas R\u00fcckenschule nach 14 Tagen weiter nutzen wollen, werden 19,- Euro berechnet! Solltest Du Dich innerhalb der 14 Tage entscheiden, Karlas R\u00fcckenschule nicht weiter nutzen zu wollen, reicht eine kurze E-Mail an mich und es fallen keine weiteren Kosten an! [&hellip;]<\/p>\n","protected":false},"author":1,"featured_media":0,"parent":0,"menu_order":0,"comment_status":"closed","ping_status":"closed","template":"launch_002d.php","meta":[],"_links":{"self":[{"href":"https:\/\/poundattack.de\/karlas-rueckenschule\/wp-json\/wp\/v2\/pages\/500"}],"collection":[{"href":"https:\/\/poundattack.de\/karlas-rueckenschule\/wp-json\/wp\/v2\/pages"}],"about":[{"href":"https:\/\/poundattack.de\/karlas-rueckenschule\/wp-json\/wp\/v2\/types\/page"}],"author":[{"embeddable":true,"href":"https:\/\/poundattack.de\/karlas-rueckenschule\/wp-json\/wp\/v2\/users\/1"}],"replies":[{"embeddable":true,"href":"https:\/\/poundattack.de\/karlas-rueckenschule\/wp-json\/wp\/v2\/comments?post=500"}],"version-history":[{"count":8,"href":"https:\/\/poundattack.de\/karlas-rueckenschule\/wp-json\/wp\/v2\/pages\/500\/revisions"}],"predecessor-version":[{"id":588,"href":"https:\/\/poundattack.de\/karlas-rueckenschule\/wp-json\/wp\/v2\/pages\/500\/revisions\/588"}],"wp:attachment":[{"href":"https:\/\/poundattack.de\/karlas-rueckenschule\/wp-json\/wp\/v2\/media?parent=500"}],"curies":[{"name":"wp","href":"https:\/\/api.w.org\/{rel}","templated":true}]}}