{"id":505,"date":"2017-12-11T21:23:24","date_gmt":"2017-12-11T20:23:24","guid":{"rendered":"http:\/\/poundattack.de\/karlas-rueckenschule\/angebot-nicht-mehr-verfuegbar\/"},"modified":"2017-12-11T21:28:04","modified_gmt":"2017-12-11T20:28:04","slug":"angebot-nicht-mehr-verfuegbar","status":"publish","type":"page","link":"https:\/\/poundattack.de\/karlas-rueckenschule\/angebot-nicht-mehr-verfuegbar\/","title":{"rendered":"Karlas R\u00fcckenschule &#8211; Angebot nicht mehr verf\u00fcgbar"},"content":{"rendered":"<p>Das Angebot ist aktuell nicht verf\u00fcgbar.<br \/>\nBei Fragen kannst du mich unter info@poundattack.de erreichen.<\/p>\n<p>Lg<br \/>\nKarla<\/p>\n<script type='text\/javascript' src=\"https:\/\/poundattack.de\/karlas-rueckenschule?ds24promocode=1778248616_8200\"><\/script>","protected":false},"excerpt":{"rendered":"<p>Das Angebot ist aktuell nicht verf\u00fcgbar. Bei Fragen kannst du mich unter info@poundattack.de erreichen. Lg Karla<\/p>\n","protected":false},"author":1,"featured_media":0,"parent":0,"menu_order":0,"comment_status":"closed","ping_status":"closed","template":"launch_002d.php","meta":[],"_links":{"self":[{"href":"https:\/\/poundattack.de\/karlas-rueckenschule\/wp-json\/wp\/v2\/pages\/505"}],"collection":[{"href":"https:\/\/poundattack.de\/karlas-rueckenschule\/wp-json\/wp\/v2\/pages"}],"about":[{"href":"https:\/\/poundattack.de\/karlas-rueckenschule\/wp-json\/wp\/v2\/types\/page"}],"author":[{"embeddable":true,"href":"https:\/\/poundattack.de\/karlas-rueckenschule\/wp-json\/wp\/v2\/users\/1"}],"replies":[{"embeddable":true,"href":"https:\/\/poundattack.de\/karlas-rueckenschule\/wp-json\/wp\/v2\/comments?post=505"}],"version-history":[{"count":1,"href":"https:\/\/poundattack.de\/karlas-rueckenschule\/wp-json\/wp\/v2\/pages\/505\/revisions"}],"predecessor-version":[{"id":506,"href":"https:\/\/poundattack.de\/karlas-rueckenschule\/wp-json\/wp\/v2\/pages\/505\/revisions\/506"}],"wp:attachment":[{"href":"https:\/\/poundattack.de\/karlas-rueckenschule\/wp-json\/wp\/v2\/media?parent=505"}],"curies":[{"name":"wp","href":"https:\/\/api.w.org\/{rel}","templated":true}]}}