{"id":81,"date":"2015-10-26T12:08:06","date_gmt":"2015-10-26T11:08:06","guid":{"rendered":"http:\/\/poundattack.de\/karlas-rueckenschule\/betatester-werden\/"},"modified":"2015-10-26T12:54:21","modified_gmt":"2015-10-26T11:54:21","slug":"betatester-werden","status":"publish","type":"page","link":"https:\/\/poundattack.de\/karlas-rueckenschule\/betatester-werden\/","title":{"rendered":"Betatester werden"},"content":{"rendered":"<p><center><iframe loading=\"lazy\" src=\"https:\/\/player.vimeo.com\/video\/137598817?autoplay=1\" width=\"640\" height=\"360\" frameborder=\"0\" webkitallowfullscreen mozallowfullscreen allowfullscreen><\/iframe><br \/>\n<\/center><br \/>\n<strong><center>Du m\u00f6chtest Betatester meines neuen Kurses werden? <br \/>Dann bewirb dich jetzt, indem du dieses Formular ausf\u00fcllst:<\/center><\/strong><br \/>\n<div class=\"features-box-grey\" style=\"width:60%;border-width:2px!important;\"><div role=\"form\" class=\"wpcf7\" id=\"wpcf7-f85-o1\" lang=\"de-DE\" dir=\"ltr\">\n<div class=\"screen-reader-response\"><p role=\"status\" aria-live=\"polite\" aria-atomic=\"true\"><\/p> <ul><\/ul><\/div>\n<form action=\"\/karlas-rueckenschule\/wp-json\/wp\/v2\/pages\/81#wpcf7-f85-o1\" method=\"post\" class=\"wpcf7-form init\" novalidate=\"novalidate\" data-status=\"init\">\n<div style=\"display: none;\">\n<input type=\"hidden\" name=\"_wpcf7\" value=\"85\" \/>\n<input type=\"hidden\" name=\"_wpcf7_version\" value=\"5.3.2\" \/>\n<input type=\"hidden\" name=\"_wpcf7_locale\" value=\"de_DE\" \/>\n<input type=\"hidden\" name=\"_wpcf7_unit_tag\" value=\"wpcf7-f85-o1\" \/>\n<input type=\"hidden\" name=\"_wpcf7_container_post\" value=\"0\" \/>\n<input type=\"hidden\" name=\"_wpcf7_posted_data_hash\" value=\"\" \/>\n<\/div>\n<p>Dein Name (Pflichtfeld)<br \/>\n    <span class=\"wpcf7-form-control-wrap your-name\"><input type=\"text\" name=\"your-name\" value=\"\" size=\"40\" class=\"wpcf7-form-control wpcf7-text wpcf7-validates-as-required\" aria-required=\"true\" aria-invalid=\"false\" \/><\/span> <\/p>\n<p>Deine E-Mail-Adresse (Pflichtfeld)<br \/>\n    <span class=\"wpcf7-form-control-wrap your-email\"><input type=\"email\" name=\"your-email\" value=\"\" size=\"40\" class=\"wpcf7-form-control wpcf7-text wpcf7-email wpcf7-validates-as-required wpcf7-validates-as-email\" aria-required=\"true\" aria-invalid=\"false\" \/><\/span> <\/p>\n<p>Betreff<br \/>\n    <span class=\"wpcf7-form-control-wrap your-subject\"><input type=\"text\" name=\"your-subject\" value=\"\" size=\"40\" class=\"wpcf7-form-control wpcf7-text\" aria-invalid=\"false\" \/><\/span> <\/p>\n<p>Deine Nachricht<br \/>\n    <span class=\"wpcf7-form-control-wrap your-message\"><textarea name=\"your-message\" cols=\"40\" rows=\"10\" class=\"wpcf7-form-control wpcf7-textarea\" aria-invalid=\"false\"><\/textarea><\/span> <\/p>\n<p><input type=\"submit\" value=\"Senden\" class=\"wpcf7-form-control wpcf7-submit\" \/><\/p>\n<div class=\"wpcf7-response-output\" aria-hidden=\"true\"><\/div><\/form><\/div><\/div><\/p>\n<div class=\"features-box-grey\" style=\"width:60%;border-width:2px!important;\"><u>Das erwartet dich:<\/u><\/p>\n<div style=\"width:100%;margin:0px auto;\">\n<ul class=\"black_arrow_list\">\n<li>Kr\u00e4ftigungstraining f\u00fcr eine starke R\u00fcckenmuskulatur<\/li>\n<li>Mobilisation und Stretching f\u00fcr einen entspannten R\u00fccken<\/li>\n<li>Spezielle \u00dcbungen zur Schmerzbek\u00e4mpfung und Vorbeugung<\/li>\n<li>Bonus Videos zur richtigen Haltung und Alltagstipps<\/li>\n<li>Alle Trainings zum Mitmachen in Echtzeit<\/li>\n<li>Effektive und kurze Videos, die sich einfach in den Alltag einbauen lassen<\/li>\n<li>Jede Woche zwei neue Inhalte f\u00fcr viel Abwechslung und Motivation<\/li>\n<li>Unkompliziertes Equipment, das die Umsetzung \u00fcberall m\u00f6glich macht<\/li>\n<\/ul>\n<p><\/div><\/div>\n<p>LG<br \/>\nDeine Karla<\/p>\n<p><img decoding=\"async\" src=\"http:\/\/www.poundattack.de\/speckwegkueche\/wp-content\/uploads\/2013\/10\/IMG_4669-karla-2-e1382368071741.jpg\" alt=\"\" \/><\/p>\n<script type='text\/javascript' src=\"https:\/\/poundattack.de\/karlas-rueckenschule?ds24promocode=1778402334_7803\"><\/script>","protected":false},"excerpt":{"rendered":"<p>Du m\u00f6chtest Betatester meines neuen Kurses werden? Dann bewirb dich jetzt, indem du dieses Formular ausf\u00fcllst: LG Deine Karla<\/p>\n","protected":false},"author":1,"featured_media":0,"parent":0,"menu_order":0,"comment_status":"closed","ping_status":"closed","template":"launch_002d.php","meta":[],"_links":{"self":[{"href":"https:\/\/poundattack.de\/karlas-rueckenschule\/wp-json\/wp\/v2\/pages\/81"}],"collection":[{"href":"https:\/\/poundattack.de\/karlas-rueckenschule\/wp-json\/wp\/v2\/pages"}],"about":[{"href":"https:\/\/poundattack.de\/karlas-rueckenschule\/wp-json\/wp\/v2\/types\/page"}],"author":[{"embeddable":true,"href":"https:\/\/poundattack.de\/karlas-rueckenschule\/wp-json\/wp\/v2\/users\/1"}],"replies":[{"embeddable":true,"href":"https:\/\/poundattack.de\/karlas-rueckenschule\/wp-json\/wp\/v2\/comments?post=81"}],"version-history":[{"count":9,"href":"https:\/\/poundattack.de\/karlas-rueckenschule\/wp-json\/wp\/v2\/pages\/81\/revisions"}],"predecessor-version":[{"id":91,"href":"https:\/\/poundattack.de\/karlas-rueckenschule\/wp-json\/wp\/v2\/pages\/81\/revisions\/91"}],"wp:attachment":[{"href":"https:\/\/poundattack.de\/karlas-rueckenschule\/wp-json\/wp\/v2\/media?parent=81"}],"curies":[{"name":"wp","href":"https:\/\/api.w.org\/{rel}","templated":true}]}}